{"id":16,"date":"2023-08-24T13:39:02","date_gmt":"2023-08-24T13:39:02","guid":{"rendered":"https:\/\/estudiantes.uprrp.edu\/osei\/?page_id=16"},"modified":"2023-08-28T13:15:08","modified_gmt":"2023-08-28T13:15:08","slug":"sobre-osei","status":"publish","type":"page","link":"https:\/\/estudiantes.uprrp.edu\/osei\/sobre-osei\/","title":{"rendered":"Sobre OSEI"},"content":{"rendered":"\t\t<div data-elementor-type=\"wp-page\" data-elementor-id=\"16\" class=\"elementor elementor-16\">\n\t\t\t\t\t\t<section class=\"elementor-section elementor-top-section elementor-element elementor-element-4f1519bc elementor-section-boxed elementor-section-height-default elementor-section-height-default\" data-id=\"4f1519bc\" data-element_type=\"section\" data-e-type=\"section\">\n\t\t\t\t\t\t<div class=\"elementor-container elementor-column-gap-default\">\n\t\t\t\t\t<div class=\"elementor-column elementor-col-100 elementor-top-column elementor-element elementor-element-263aca95\" data-id=\"263aca95\" data-element_type=\"column\" data-e-type=\"column\">\n\t\t\t<div class=\"elementor-widget-wrap elementor-element-populated\">\n\t\t\t\t\t\t<div class=\"elementor-element elementor-element-17aaa740 elementor-widget elementor-widget-text-editor\" data-id=\"17aaa740\" data-element_type=\"widget\" data-e-type=\"widget\" data-widget_type=\"text-editor.default\">\n\t\t\t\t<div class=\"elementor-widget-container\">\n\t\t\t\t\t\t\t\t\t<div class=\"elementor-element elementor-element-515e04d elementor-widget elementor-widget-thim-heading\" data-id=\"515e04d\" data-element_type=\"widget\" data-widget_type=\"thim-heading.default\">\n<div class=\"elementor-widget-container\">\n<div class=\"thim-widget-heading template-base\">\n<div class=\"sc_heading clone_title \">\n<h3 class=\"title\">MISI\u00d3N<\/h3>\n<div class=\"clone\">Misi\u00f3n<\/div>\n<\/div>\n<\/div>\n<\/div>\n<\/div>\n<div class=\"elementor-element elementor-element-91ec468 elementor-widget elementor-widget-text-editor\" data-id=\"91ec468\" data-element_type=\"widget\" data-widget_type=\"text-editor.default\">\n<div class=\"elementor-widget-container\">\n\nLa Oficina de Servicios a Estudiantes con Impedimentos velar\u00e1 por el fiel cumplimiento de los derechos de las personas con impedimentos garantizando su igual participaci\u00f3n y acceso a los servicios, programas y actividades disponibles para la comunidad universitaria en general.\n\n<\/div>\n<\/div>\n<div class=\"elementor-element elementor-element-096a0fc elementor-widget elementor-widget-thim-heading\" data-id=\"096a0fc\" data-element_type=\"widget\" data-widget_type=\"thim-heading.default\">\n<div class=\"elementor-widget-container\">\n<div class=\"thim-widget-heading template-base\">\n<div class=\"sc_heading clone_title \">\n<h3 class=\"title\">VISI\u00d3N<\/h3>\n<div class=\"clone\">Visi\u00f3n<\/div>\n<\/div>\n<\/div>\n<\/div>\n<\/div>\n<div class=\"elementor-element elementor-element-d3dc328 elementor-widget elementor-widget-text-editor\" data-id=\"d3dc328\" data-element_type=\"widget\" data-widget_type=\"text-editor.default\">\n<div class=\"elementor-widget-container\">\n\nLa Oficina de Servicios a Estudiantes con Impedimentos, es el eje de los procesos de implantaci\u00f3n de los cambios sist\u00e9micos que propendan a la integraci\u00f3n e inclusi\u00f3n de los estudiantes con impedimentos en el \u00e1mbito universitario.\n\n<\/div>\n<\/div>\n<div class=\"elementor-element elementor-element-673bded elementor-widget elementor-widget-thim-heading\" data-id=\"673bded\" data-element_type=\"widget\" data-widget_type=\"thim-heading.default\">\n<div class=\"elementor-widget-container\">\n<div class=\"thim-widget-heading template-base\">\n<div class=\"sc_heading clone_title text-left\">\n<h3 class=\"title\">OBJETIVOS<\/h3>\n<div class=\"clone\">Objetivos<\/div>\n<\/div>\n<\/div>\n<\/div>\n<\/div>\n<div class=\"elementor-element elementor-element-486b3dc elementor-widget elementor-widget-text-editor\" data-id=\"486b3dc\" data-element_type=\"widget\" data-widget_type=\"text-editor.default\">\n<div class=\"elementor-widget-container\">\n<ul>\n \t<li>Facilitar la integraci\u00f3n e inclusi\u00f3n de las personas con impedimento al resto de la comunidad universitaria.<\/li>\n \t<li>Promover igual acceso y participaci\u00f3n de esta poblaci\u00f3n en todos los programas, servicios y actividades que ofrece el Recinto de R\u00edo Piedras.<\/li>\n \t<li>Atender sus necesidades especiales mediante la prestaci\u00f3n de servicios eficientes.<\/li>\n \t<li>Propiciar un adecuado aprovechamiento acad\u00e9mico mediante el ofrecimiento de acomodos o modificaciones razonables.<\/li>\n<\/ul>\n<\/div>\n<\/div>\t\t\t\t\t\t\t\t<\/div>\n\t\t\t\t<\/div>\n\t\t\t\t\t<\/div>\n\t\t<\/div>\n\t\t\t\t\t<\/div>\n\t\t<\/section>\n\t\t\t\t<\/div>\n\t\t","protected":false},"excerpt":{"rendered":"<p>MISI\u00d3N Misi\u00f3n La Oficina de Servicios a Estudiantes con Impedimentos velar\u00e1 por el fiel cumplimiento de los derechos de las personas con impedimentos garantizando su igual participaci\u00f3n y acceso a los servicios, programas y actividades disponibles para la comunidad universitaria &hellip; <\/p>\n","protected":false},"author":1,"featured_media":0,"parent":0,"menu_order":0,"comment_status":"closed","ping_status":"closed","template":"","meta":{"iawp_total_views":16,"footnotes":""},"class_list":["post-16","page","type-page","status-publish","hentry"],"_links":{"self":[{"href":"https:\/\/estudiantes.uprrp.edu\/osei\/wp-json\/wp\/v2\/pages\/16","targetHints":{"allow":["GET"]}}],"collection":[{"href":"https:\/\/estudiantes.uprrp.edu\/osei\/wp-json\/wp\/v2\/pages"}],"about":[{"href":"https:\/\/estudiantes.uprrp.edu\/osei\/wp-json\/wp\/v2\/types\/page"}],"author":[{"embeddable":true,"href":"https:\/\/estudiantes.uprrp.edu\/osei\/wp-json\/wp\/v2\/users\/1"}],"replies":[{"embeddable":true,"href":"https:\/\/estudiantes.uprrp.edu\/osei\/wp-json\/wp\/v2\/comments?post=16"}],"version-history":[{"count":4,"href":"https:\/\/estudiantes.uprrp.edu\/osei\/wp-json\/wp\/v2\/pages\/16\/revisions"}],"predecessor-version":[{"id":15552,"href":"https:\/\/estudiantes.uprrp.edu\/osei\/wp-json\/wp\/v2\/pages\/16\/revisions\/15552"}],"wp:attachment":[{"href":"https:\/\/estudiantes.uprrp.edu\/osei\/wp-json\/wp\/v2\/media?parent=16"}],"curies":[{"name":"wp","href":"https:\/\/api.w.org\/{rel}","templated":true}]}}