{"id":15770,"date":"2023-09-19T12:56:36","date_gmt":"2023-09-19T12:56:36","guid":{"rendered":"https:\/\/estudiantes.uprrp.edu\/osei\/?page_id=15770"},"modified":"2023-09-19T14:16:21","modified_gmt":"2023-09-19T14:16:21","slug":"actividades","status":"publish","type":"page","link":"https:\/\/estudiantes.uprrp.edu\/osei\/actividades\/","title":{"rendered":"Actividades"},"content":{"rendered":"\t\t<div data-elementor-type=\"wp-page\" data-elementor-id=\"15770\" class=\"elementor elementor-15770\">\n\t\t\t\t\t\t<section class=\"elementor-section elementor-top-section elementor-element elementor-element-f96acfd elementor-section-boxed elementor-section-height-default elementor-section-height-default\" data-id=\"f96acfd\" data-element_type=\"section\" data-e-type=\"section\">\n\t\t\t\t\t\t<div class=\"elementor-container elementor-column-gap-default\">\n\t\t\t\t\t<div class=\"elementor-column elementor-col-100 elementor-top-column elementor-element elementor-element-5de02b0\" data-id=\"5de02b0\" data-element_type=\"column\" data-e-type=\"column\">\n\t\t\t<div class=\"elementor-widget-wrap elementor-element-populated\">\n\t\t\t\t\t\t<div class=\"elementor-element elementor-element-224207b elementor-widget elementor-widget-heading\" data-id=\"224207b\" data-element_type=\"widget\" data-e-type=\"widget\" data-widget_type=\"heading.default\">\n\t\t\t\t<div class=\"elementor-widget-container\">\n\t\t\t\t\t<h2 class=\"elementor-heading-title elementor-size-default\">Secci\u00f3n de Actividades<\/h2>\t\t\t\t<\/div>\n\t\t\t\t<\/div>\n\t\t\t\t<div class=\"elementor-element elementor-element-f107ac7 elementor-widget elementor-widget-text-editor\" data-id=\"f107ac7\" data-element_type=\"widget\" data-e-type=\"widget\" data-widget_type=\"text-editor.default\">\n\t\t\t\t<div class=\"elementor-widget-container\">\n\t\t\t\t\t\t\t\t\t<p><b>Actividades y talleres ofrecidos durante el a\u00f1o acad\u00e9mico 2019-2020<\/b><\/p><p><b>Agosto:<\/b><\/p><ul><li style=\"font-weight: 400\"><span style=\"font-weight: 400\">Taller: Trato Digno e Inclusivo de los Estudiantes con Diversidad Funcional (Estudiantes Graduados de Ciencias Naturales)\u00a0<\/span><\/li><li style=\"font-weight: 400\"><span style=\"font-weight: 400\">Taller: Soy un asistente de primeros auxilios para la salud mental, \u00bfy ahora qu\u00e9? (Programa de Estudiantes Orientadores).\u00a0<\/span><\/li><li style=\"font-weight: 400\"><span style=\"font-weight: 400\">Taller: Estrategias efectivas para anotar a estudiantes con diversidad funcional (Anotadores-Lectores OSEI)<\/span><\/li><\/ul><p><b>Septiembre:<\/b><\/p><ul><li style=\"font-weight: 400\"><span style=\"font-weight: 400\">Taller: Estrategias efectivas para anotar a estudiantes con diversidad funcional (Anotadores-Lectores Unidad de Servicios Bibliotecarios para Estudiantes con Impedimentos)\u00a0<\/span><\/li><li style=\"font-weight: 400\"><span style=\"font-weight: 400\">Taller: Participaci\u00f3n en la Feria de Organizaciones Estudiantiles de la Facultad de Ciencias Naturales.\u00a0<\/span><\/li><li style=\"font-weight: 400\"><span style=\"font-weight: 400\">Taller: Orientaci\u00f3n sobre los servicios de OSEI (Personal de la Biblioteca de la Facultad de Educaci\u00f3n)<\/span><\/li><\/ul><p><b>Octubre:<\/b><\/p><ul><li style=\"font-weight: 400\"><span style=\"font-weight: 400\">Taller: Trato Digno e Inclusivo de los Estudiantes con Diversidad Funcional (Personal del Sistema de Bibliotecas).\u00a0<\/span><\/li><li style=\"font-weight: 400\"><span style=\"font-weight: 400\">Taller: Acomodo o Modificaci\u00f3n Razonable para el \u00c9xito de Estudiantes con Diversidad Funcional (a trav\u00e9s del Centro de Excelencia Acad\u00e9mica).\u00a0<\/span><\/li><li style=\"font-weight: 400\"><span style=\"font-weight: 400\">Taller: Estrategias de Ense\u00f1anza Efectivas para Estudiantes con Diversidad Funcional (Tutores del PSAE).<\/span><\/li><\/ul><p><b>Noviembre:<\/b><\/p><ul><li style=\"font-weight: 400\"><span style=\"font-weight: 400\">Taller: Trato Digno e Inclusivo de los Estudiantes con Diversidad Funcional (Personal del Sistema de Bibliotecas).\u00a0<\/span><\/li><li style=\"font-weight: 400\"><span style=\"font-weight: 400\">Taller: Acomodo o Modificaci\u00f3n Razonable para el \u00c9xito de Estudiantes con Diversidad Funcional (a trav\u00e9s del Centro de Excelencia Acad\u00e9mica).\u00a0<\/span><\/li><li style=\"font-weight: 400\"><span style=\"font-weight: 400\">Apoyo a los estudiantes durante el proceso de matr\u00edcula adelantada:\u00a0\u00a0<\/span><ul><li style=\"font-weight: 400\"><span style=\"font-weight: 400\">El 8 de noviembre de 2019 nuestros estudiantes anotadores-lectores y la estudiante de internado Keishla Figueroa apoyaron a nuestros estudiantes con dificultades durante el proceso de matr\u00edcula adelantada.<\/span><\/li><\/ul><\/li><\/ul><p><b>Diciembre:<\/b><\/p><ul><li style=\"font-weight: 400\"><span style=\"font-weight: 400\">Actividades en celebraci\u00f3n del D\u00eda Internacional de las Personas con Impedimentos:<\/span><ul><li style=\"font-weight: 400\"><span style=\"font-weight: 400\">Booth de Sensibilizaci\u00f3n en el Centro de Estudiantes y Facultad de Educaci\u00f3n<\/span><\/li><li style=\"font-weight: 400\"><span style=\"font-weight: 400\">Participaci\u00f3n en Simposio de la Diversidad Funcional en Facultad de Educaci\u00f3n<\/span><\/li><li style=\"font-weight: 400\"><span style=\"font-weight: 400\">Talleres: Pensando Fuera de la Caja y Estrategias de Ense\u00f1anza Efectivas para Estudiantes con Diversidad Funcional\u00a0<\/span><\/li><\/ul><\/li><\/ul><p><b>Febrero:<\/b><\/p><p><span style=\"font-weight: 400\">Taller a Lectores-Anotadores<\/span><\/p><ul><li style=\"font-weight: 400\"><span style=\"font-weight: 400\">Taller reflexivo sobre Manejo de emociones y estrategias ante eventos naturales<\/span><ul><li style=\"font-weight: 400\"><span style=\"font-weight: 400\">7 de febrero de 2020<\/span><\/li><\/ul><\/li><li style=\"font-weight: 400\"><span style=\"font-weight: 400\">Guia para el Manejo de Emergencias durante la prestaci\u00f3n de servicios<\/span><ul><li style=\"font-weight: 400\"><span style=\"font-weight: 400\">28 de febrero de 2020<\/span><\/li><\/ul><\/li><\/ul><p><span style=\"font-weight: 400\">Taller sobre Manejo de Emergencias en Personas con Diversidad Funcional &#8211; en coordinaci\u00f3n con la Organizaci\u00f3n Movimiento para el Alcance de Vida Independiente (MAVI)- 12 de febrero de 2020<\/span><\/p><p><b>Marzo:<\/b><\/p><p><span style=\"font-weight: 400\">Foro de Estudiantes con Diversidad Funcional &#8211; 5 de marzo de 2020<\/span><\/p><p><b>Grupo Psicoeducativo para Lectores-Anotadores<\/b><\/p><ul><li style=\"font-weight: 400\"><span style=\"font-weight: 400\">25 de abril al 29 de mayo de 2020<\/span><\/li><\/ul><p><b>Mayo:<\/b><\/p><p><span style=\"font-weight: 400\">Taller sobre Aspectos Basicos de Diseno Universal y Practicas de Acomodo Razonable para la Educacion en Linea<\/span><\/p><ul><li style=\"font-weight: 400\"><span style=\"font-weight: 400\">22 de mayo de 2020<\/span><\/li><\/ul><p><span style=\"font-weight: 400\">Taller Aprendiendo Braille de forma creativa<\/span><\/p><ul><li style=\"font-weight: 400\"><span style=\"font-weight: 400\">5 de mayo al 10 de junio de 2020<\/span><\/li><\/ul><p><b>Junio<\/b><\/p><p><b>D\u00eda de capacitaci\u00f3n a los Candidatos para el Programa de Estudiantes Orientadores: <\/b><span style=\"font-weight: 400\">3 de junio de 2020<\/span><\/p><ul><li style=\"font-weight: 400\"><span style=\"font-weight: 400\">Orientaci\u00f3n sobre los servicios de OSEI<\/span><\/li><li style=\"font-weight: 400\"><span style=\"font-weight: 400\">Trato Digno e Inclusivo de las Personas con Diversidad Funcional;\u00a0<\/span><\/li><li style=\"font-weight: 400\"><span style=\"font-weight: 400\">Redes Sociales Accesibles;\u00a0<\/span><\/li><li style=\"font-weight: 400\"><span style=\"font-weight: 400\">Mirada Multicolor a la Diversidad Sexual: Promoviendo la Inclusi\u00f3n.<\/span><\/li><\/ul><p><b>Taller sobre Normas de Accesibilidad y Pol\u00edtica de Acomodo Razonable, coordinado por la DECEP<\/b><\/p><p><span style=\"font-weight: 400\">18 de junio de 2020<\/span><\/p><p><b>Taller sobre Acomodo Razonable y Ley ADA en el escenario de Educaci\u00f3n Superior- en coordinaci\u00f3n con la Red ADA del Noreste de la Universidad de Cornell. Recurso: Lcda. Yessica Guardiola Marrero<\/b><\/p><ul><li style=\"font-weight: 400\"><span style=\"font-weight: 400\">24 de junio de 2020<\/span><\/li><\/ul><p><b>Taller sobre <\/b><b>Fundamentos de accesibilidad en PowerPoint, coordinado con el Programa de Asistencia Tecnol\u00f3gica de Puerto Rico (PRATP)<\/b><\/p><ul><li style=\"font-weight: 400\"><span style=\"font-weight: 400\">26 de junio de 2020<\/span><\/li><\/ul>\t\t\t\t\t\t\t\t<\/div>\n\t\t\t\t<\/div>\n\t\t\t\t\t<\/div>\n\t\t<\/div>\n\t\t\t\t\t<\/div>\n\t\t<\/section>\n\t\t\t\t<\/div>\n\t\t","protected":false},"excerpt":{"rendered":"<p>\/*! elementor &#8211; v3.15.0 &#8211; 20-08-2023 *\/ .elementor-heading-title{padding:0;margin:0;line-height:1}.elementor-widget-heading .elementor-heading-title[class*=elementor-size-]&gt;a{color:inherit;font-size:inherit;line-height:inherit}.elementor-widget-heading .elementor-heading-title.elementor-size-small{font-size:15px}.elementor-widget-heading .elementor-heading-title.elementor-size-medium{font-size:19px}.elementor-widget-heading .elementor-heading-title.elementor-size-large{font-size:29px}.elementor-widget-heading .elementor-heading-title.elementor-size-xl{font-size:39px}.elementor-widget-heading .elementor-heading-title.elementor-size-xxl{font-size:59px} Secci\u00f3n de Actividades Actividades y talleres ofrecidos durante el a\u00f1o acad\u00e9mico 2019-2020 Agosto: Taller: Trato Digno e Inclusivo de los Estudiantes con Diversidad Funcional (Estudiantes Graduados &hellip; <\/p>\n","protected":false},"author":3,"featured_media":0,"parent":0,"menu_order":0,"comment_status":"closed","ping_status":"closed","template":"","meta":{"iawp_total_views":1,"footnotes":""},"class_list":["post-15770","page","type-page","status-publish","hentry"],"_links":{"self":[{"href":"https:\/\/estudiantes.uprrp.edu\/osei\/wp-json\/wp\/v2\/pages\/15770","targetHints":{"allow":["GET"]}}],"collection":[{"href":"https:\/\/estudiantes.uprrp.edu\/osei\/wp-json\/wp\/v2\/pages"}],"about":[{"href":"https:\/\/estudiantes.uprrp.edu\/osei\/wp-json\/wp\/v2\/types\/page"}],"author":[{"embeddable":true,"href":"https:\/\/estudiantes.uprrp.edu\/osei\/wp-json\/wp\/v2\/users\/3"}],"replies":[{"embeddable":true,"href":"https:\/\/estudiantes.uprrp.edu\/osei\/wp-json\/wp\/v2\/comments?post=15770"}],"version-history":[{"count":7,"href":"https:\/\/estudiantes.uprrp.edu\/osei\/wp-json\/wp\/v2\/pages\/15770\/revisions"}],"predecessor-version":[{"id":15823,"href":"https:\/\/estudiantes.uprrp.edu\/osei\/wp-json\/wp\/v2\/pages\/15770\/revisions\/15823"}],"wp:attachment":[{"href":"https:\/\/estudiantes.uprrp.edu\/osei\/wp-json\/wp\/v2\/media?parent=15770"}],"curies":[{"name":"wp","href":"https:\/\/api.w.org\/{rel}","templated":true}]}}