{"id":15764,"date":"2023-09-19T12:55:58","date_gmt":"2023-09-19T12:55:58","guid":{"rendered":"https:\/\/estudiantes.uprrp.edu\/osei\/?page_id=15764"},"modified":"2025-01-22T13:38:54","modified_gmt":"2025-01-22T13:38:54","slug":"oseibot","status":"publish","type":"page","link":"https:\/\/estudiantes.uprrp.edu\/osei\/oseibot\/","title":{"rendered":"oseiBOT"},"content":{"rendered":"\t\t<div data-elementor-type=\"wp-page\" data-elementor-id=\"15764\" class=\"elementor elementor-15764\">\n\t\t\t\t\t\t<section class=\"elementor-section elementor-top-section elementor-element elementor-element-9015018 elementor-section-boxed elementor-section-height-default elementor-section-height-default\" data-id=\"9015018\" data-element_type=\"section\" data-e-type=\"section\">\n\t\t\t\t\t\t<div class=\"elementor-container elementor-column-gap-default\">\n\t\t\t\t\t<div class=\"elementor-column elementor-col-100 elementor-top-column elementor-element elementor-element-5bc8e57\" data-id=\"5bc8e57\" data-element_type=\"column\" data-e-type=\"column\">\n\t\t\t<div class=\"elementor-widget-wrap elementor-element-populated\">\n\t\t\t\t\t\t<div class=\"elementor-element elementor-element-2fea3f8 elementor-widget elementor-widget-text-editor\" data-id=\"2fea3f8\" data-element_type=\"widget\" data-e-type=\"widget\" data-widget_type=\"text-editor.default\">\n\t\t\t\t<div class=\"elementor-widget-container\">\n\t\t\t\t\t\t\t\t\t<div class=\"clone\"><p><strong>Conoce a oseiBot<\/strong><\/p><p>oseiBot es un asistente virtual ubicado en nuestra p\u00e1gina web. Este bot est\u00e1 dise\u00f1ado para responder preguntas frecuentes sobre nuestros servicios, acomodos razonables y aspectos generales estudiantiles, ofreciendo informaci\u00f3n accesible de manera r\u00e1pida y sencilla.<\/p><p><strong>\u00bfC\u00f3mo encontrar a oseiBot?<\/strong><\/p><p>Cuando visites nuestra p\u00e1gina web, busca una burbuja de chat en la esquina inferior derecha de tu pantalla. Haz clic en la burbuja para abrir el chat e interactuar.<\/p><p>Nota: Si no ves la burbuja, verifica que tu navegador no est\u00e9 bloqueando ventanas emergentes o contenido interactivo.<\/p><p><strong>\u00bfPara qu\u00e9 sirve oseiBot?<\/strong><\/p><ul><li>Responde tus preguntas: orienta sobre servicios, procesos y pol\u00edticas de la OSEI.<\/li><li>Accesibilidad 24\/7: disponible en cualquier momento para tu conveniencia.<\/li><li>Conexi\u00f3n r\u00e1pida: proporciona respuestas inmediatas sin necesidad de esperar.<\/li><\/ul><p><strong>\u00bfTiene l\u00edmites oseiBot?<\/strong><\/p><p>S\u00ed, OSEI Bot tiene ciertas limitaciones:<\/p><ul><li>Ofrece informaci\u00f3n general, pero no sustituye la orientaci\u00f3n personalizada del personal de OSEI.<\/li><li>No puede gestionar solicitudes, aprobar acomodos ni realizar tr\u00e1mites administrativos.<\/li><li>Algunas consultas m\u00e1s espec\u00edficas pueden requerir contacto directo con la oficina.<\/li><li>Es importante tener en cuenta que oseiBot no es un ser humano, sino una herramienta automatizada que utiliza informaci\u00f3n previamente configurada para responder a tus dudas.<\/li><\/ul><p>Comparte tu opini\u00f3n<\/p><p>Al finalizar tu interacci\u00f3n con oseiBot, tendr\u00e1s la opci\u00f3n de llenar un formulario de evaluaci\u00f3n. Este formulario nos ayuda a mejorar la efectividad del bot y a seguir optimizando la experiencia de los usuarios. \u00a1Tu retroalimentaci\u00f3n es muy valiosa!<\/p><p>Explora oseiBot y descubre c\u00f3mo puede facilitar tu experiencia con nuestros servicios.<\/p><\/div><div>\u00a0<\/div>\t\t\t\t\t\t\t\t<\/div>\n\t\t\t\t<\/div>\n\t\t\t\t\t<\/div>\n\t\t<\/div>\n\t\t\t\t\t<\/div>\n\t\t<\/section>\n\t\t\t\t<\/div>\n\t\t","protected":false},"excerpt":{"rendered":"<p>Conoce a oseiBot oseiBot es un asistente virtual ubicado en nuestra p\u00e1gina web. Este bot est\u00e1 dise\u00f1ado para responder preguntas frecuentes sobre nuestros servicios, acomodos razonables y aspectos generales estudiantiles, ofreciendo informaci\u00f3n accesible de manera r\u00e1pida y sencilla. \u00bfC\u00f3mo encontrar &hellip; <\/p>\n","protected":false},"author":3,"featured_media":0,"parent":0,"menu_order":0,"comment_status":"closed","ping_status":"closed","template":"","meta":{"iawp_total_views":26,"footnotes":""},"class_list":["post-15764","page","type-page","status-publish","hentry"],"_links":{"self":[{"href":"https:\/\/estudiantes.uprrp.edu\/osei\/wp-json\/wp\/v2\/pages\/15764","targetHints":{"allow":["GET"]}}],"collection":[{"href":"https:\/\/estudiantes.uprrp.edu\/osei\/wp-json\/wp\/v2\/pages"}],"about":[{"href":"https:\/\/estudiantes.uprrp.edu\/osei\/wp-json\/wp\/v2\/types\/page"}],"author":[{"embeddable":true,"href":"https:\/\/estudiantes.uprrp.edu\/osei\/wp-json\/wp\/v2\/users\/3"}],"replies":[{"embeddable":true,"href":"https:\/\/estudiantes.uprrp.edu\/osei\/wp-json\/wp\/v2\/comments?post=15764"}],"version-history":[{"count":19,"href":"https:\/\/estudiantes.uprrp.edu\/osei\/wp-json\/wp\/v2\/pages\/15764\/revisions"}],"predecessor-version":[{"id":15889,"href":"https:\/\/estudiantes.uprrp.edu\/osei\/wp-json\/wp\/v2\/pages\/15764\/revisions\/15889"}],"wp:attachment":[{"href":"https:\/\/estudiantes.uprrp.edu\/osei\/wp-json\/wp\/v2\/media?parent=15764"}],"curies":[{"name":"wp","href":"https:\/\/api.w.org\/{rel}","templated":true}]}}