{"id":15620,"date":"2023-08-28T14:52:00","date_gmt":"2023-08-28T14:52:00","guid":{"rendered":"https:\/\/estudiantes.uprrp.edu\/osei\/?page_id=15620"},"modified":"2025-05-06T17:51:08","modified_gmt":"2025-05-06T17:51:08","slug":"documentos-y-formularios","status":"publish","type":"page","link":"https:\/\/estudiantes.uprrp.edu\/osei\/documentos-y-formularios\/","title":{"rendered":"Documentos y Formularios"},"content":{"rendered":"\t\t<div data-elementor-type=\"wp-page\" data-elementor-id=\"15620\" class=\"elementor elementor-15620\">\n\t\t\t\t\t\t<section class=\"elementor-section elementor-top-section elementor-element elementor-element-54ddf5a elementor-section-full_width elementor-section-height-default elementor-section-height-default\" data-id=\"54ddf5a\" data-element_type=\"section\" data-e-type=\"section\">\n\t\t\t\t\t\t<div class=\"elementor-container elementor-column-gap-default\">\n\t\t\t\t\t<div class=\"elementor-column elementor-col-50 elementor-top-column elementor-element elementor-element-13edce54\" data-id=\"13edce54\" data-element_type=\"column\" data-e-type=\"column\">\n\t\t\t<div class=\"elementor-widget-wrap elementor-element-populated\">\n\t\t\t\t\t\t<div class=\"elementor-element elementor-element-9fb6556 elementor-widget elementor-widget-text-editor\" data-id=\"9fb6556\" data-element_type=\"widget\" data-e-type=\"widget\" data-widget_type=\"text-editor.default\">\n\t\t\t\t<div class=\"elementor-widget-container\">\n\t\t\t\t\t\t\t\t\t<h4 style=\"text-align: center;\">Informaci\u00f3n sobre documentos y formulario para solicitud de acomodo razonable y otros servicios<\/h4><p>En esta secci\u00f3n encontrar\u00e1s todo lo necesario para completar tu solicitud de acomodo razonable y otros servicios ofrecidos por OSEI. Para facilitar tu proceso, hemos preparado un documento de <a href=\"https:\/\/nam02.safelinks.protection.outlook.com\/?url=https%3A%2F%2Fwww.canva.com%2Fdesign%2FDAFE5Xst-S8%2FvcYXTJR_McqFw1ltj8ovdQ%2Fview%3Futm_content%3DDAFE5Xst-S8%26utm_campaign%3Ddesignshare%26utm_medium%3Dlink%26utm_source%3Dviewer&amp;data=05%7C02%7Cnatalia.perdomo%40upr.edu%7C8a61c3d9313a48d9770a08dd8ca53479%7C0dfa5dc0036f461599e494af822f2b84%7C0%7C0%7C638821363356369568%7CUnknown%7CTWFpbGZsb3d8eyJFbXB0eU1hcGkiOnRydWUsIlYiOiIwLjAuMDAwMCIsIlAiOiJXaW4zMiIsIkFOIjoiTWFpbCIsIldUIjoyfQ%3D%3D%7C0%7C%7C%7C&amp;sdata=7loYPuvClAzVgUCqaZC0L1SJqjdVNcUX8fC8LSJCPjA%3D&amp;reserved=0\"><span style=\"text-decoration: underline; color: #0000ff;\">orientaci\u00f3n inicial<\/span><\/a> con informaci\u00f3n clave sobre los servicios que ofrecemos, los pasos para solicitar acomodos razonables y los formularios necesarios. Este recurso est\u00e1 dise\u00f1ado para guiarte de manera clara y sencilla desde el inicio.<\/p><p>Pasos para Solicitar Servicios en OSEI<\/p><p>1. Solicitud de Servicio: Completa el formulario de <a href=\"https:\/\/forms.office.com\/pages\/responsepage.aspx?id=wF36DW8DFUaZ5JSvgi8rhOs2R0XHwWBOjHMaiHVBx9dUM1FDQUUxWUpXNUpVNlIxNERJN1FMQVRVRC4u&amp;route=shorturl\"><span style=\"text-decoration: underline; color: #0000ff;\">Solicitud Nueva o Reactivaci\u00f3n del Servicio en OSEI<\/span><\/a>. Una vez enviado, el sistema enviar\u00e1 autom\u00e1ticamente el formulario oficial para solicitar servicios. Debe completar el formulario y seguir las instrucciones del mensaje de correo electr\u00f3nico.<\/p><p>2. Evidencia M\u00e9dica o Profesional: La evidencia debe ser completada por un especialista de la condici\u00f3n. Puedes utilizar los siguientes formularios:<\/p><ul><li><a href=\"https:\/\/estudiantes.uprrp.edu\/wp-content\/uploads\/2022\/09\/Certificacion-medica-A-imprimir-OSEI-1-2021-1-2.pdf\"><span style=\"text-decoration: underline;\"><span style=\"color: #0000ff; text-decoration: underline;\">Certificaci\u00f3n M\u00e9dica OSEI<\/span><\/span>.<\/a><\/li><li>Evidencias alternas recientes, como el Programa Educativo Individualizado (PEI).<\/li><li>Para condiciones visuales, debe utilizar el siguiente formulario: <a href=\"https:\/\/estudiantes.uprrp.edu\/wp-content\/uploads\/2022\/09\/Visual-Medical-Certification-OSEI-1.pdf\"><span style=\"text-decoration: underline;\"><span style=\"color: #0000ff; text-decoration: underline;\">Certificaci\u00f3n Condici\u00f3n Visual<\/span><\/span>.<\/a><\/li><\/ul><p>Nota: Es fundamental que el especialista detalle las limitaciones actuales y los acomodos razonables recomendados.<\/p><p>Requisitos de Documentaci\u00f3n M\u00e9dica Espec\u00edfica<\/p><p>A continuaci\u00f3n, se detalla la documentaci\u00f3n requerida seg\u00fan la condici\u00f3n:<\/p><ul><li>Trastornos Espec\u00edficos del Aprendizaje:<ul><li>Informe: Pruebas psicoeducativas o psicol\u00f3gicas realizadas por un profesional cualificado.<\/li><li>Vigencia: M\u00e1ximo 3 a\u00f1os.<\/li><\/ul><\/li><li>\u00b7Condici\u00f3n Auditiva:<ul><li>Informe: Evaluaci\u00f3n de un audi\u00f3logo que verifique el grado de p\u00e9rdida auditiva.<\/li><li>Vigencia: M\u00e1ximo 1 a\u00f1o.<\/li><\/ul><\/li><li>\u00b7Condici\u00f3n Visual:<ul><li>Informe: Formulario completado por opt\u00f3metra u oftalm\u00f3logo.<\/li><li>Vigencia: M\u00e1ximo 1 a\u00f1o.<\/li><li>Formulario adicional: <a href=\"https:\/\/estudiantes.uprrp.edu\/wp-content\/uploads\/2022\/09\/Visual-Medical-Certification-OSEI-1.pdf\"><span style=\"text-decoration: underline;\"><span style=\"color: #0000ff; text-decoration: underline;\">Certificaci\u00f3n Condici\u00f3n Visual<\/span><\/span>.<\/a><\/li><\/ul><\/li><li>\u00b7Trastorno por D\u00e9ficit de Atenci\u00f3n e Hiperactividad (TDAH):<ul><li>Informe: Evaluaci\u00f3n psicol\u00f3gica o carta de un profesional (psic\u00f3logo, psiquiatra, neur\u00f3logo).<\/li><li>Vigencia: M\u00e1ximo 3 a\u00f1os.<\/li><\/ul><\/li><li>Condiciones Emocionales:<ul><li>Informe: Formulario o carta de un especialista (psic\u00f3logo, psiquiatra).<\/li><li>Vigencia: M\u00e1ximo 6 meses.<\/li><\/ul><\/li><li>\u00b7Condiciones F\u00edsicas o de Movilidad:<ul><li>Informe: Carta o formulario de un especialista (fisiatra, ortopeda, cardi\u00f3logo, reumat\u00f3logo, entre otros).<\/li><li>Vigencia: M\u00e1ximo 6 meses.<\/li><\/ul><\/li><\/ul>\t\t\t\t\t\t\t\t<\/div>\n\t\t\t\t<\/div>\n\t\t\t\t\t<\/div>\n\t\t<\/div>\n\t\t\t\t<div class=\"elementor-column elementor-col-50 elementor-top-column elementor-element elementor-element-df12658\" data-id=\"df12658\" data-element_type=\"column\" data-e-type=\"column\">\n\t\t\t<div class=\"elementor-widget-wrap elementor-element-populated\">\n\t\t\t\t\t\t<div class=\"elementor-element elementor-element-56b976c elementor-widget elementor-widget-heading\" data-id=\"56b976c\" data-element_type=\"widget\" data-e-type=\"widget\" data-widget_type=\"heading.default\">\n\t\t\t\t<div class=\"elementor-widget-container\">\n\t\t\t\t\t<h2 class=\"elementor-heading-title elementor-size-default\">FORMULARIOS<\/h2>\t\t\t\t<\/div>\n\t\t\t\t<\/div>\n\t\t\t\t<div class=\"elementor-element elementor-element-c6b9626 elementor-widget elementor-widget-text-editor\" data-id=\"c6b9626\" data-element_type=\"widget\" data-e-type=\"widget\" data-widget_type=\"text-editor.default\">\n\t\t\t\t<div class=\"elementor-widget-container\">\n\t\t\t\t\t\t\t\t\t<ul><li><a href=\"https:\/\/estudiantes.uprrp.edu\/wp-content\/uploads\/2022\/09\/Certificacion-medica-A-imprimir-OSEI-1-2021-1-2.pdf\">Certificaci\u00f3n M\u00e9dica (Acom\u00f3do \/ Modificaci\u00f3n Razonable)<\/a><\/li><li><a href=\"https:\/\/estudiantes.uprrp.edu\/wp-content\/uploads\/2022\/09\/Visual-Medical-Certification-OSEI-1.pdf\">Certificaci\u00f3n Medica para Condiciones Visuales<\/a><\/li><li><a href=\"https:\/\/forms.office.com\/pages\/responsepage.aspx?id=wF36DW8DFUaZ5JSvgi8rhOs2R0XHwWBOjHMaiHVBx9dUM1FDQUUxWUpXNUpVNlIxNERJN1FMQVRVRC4u\">Solicitud de Servicios (Acom\u00f3do \/ Modificaci\u00f3n Razonable)<\/a><\/li><li><a href=\"https:\/\/forms.office.com\/pages\/responsepage.aspx?id=wF36DW8DFUaZ5JSvgi8rhOs2R0XHwWBOjHMaiHVBx9dUMTBVVUlaT0hLSzlaUlAyR1hIMEtWVFFJNS4u&amp;route=shorturl\">Solicitud de Reclamaci\u00f3n u Otros Servicios<\/a><\/li><li><a href=\"https:\/\/nam02.safelinks.protection.outlook.com\/?url=https%3A%2F%2Fforms.office.com%2Fr%2FNSWfucDWwb&amp;data=05%7C02%7Ccarlam.rodriguez%40upr.edu%7C37bffb0a7dce4ac3cb5708dd8ca89fa1%7C0dfa5dc0036f461599e494af822f2b84%7C0%7C0%7C638821378034778947%7CUnknown%7CTWFpbGZsb3d8eyJFbXB0eU1hcGkiOnRydWUsIlYiOiIwLjAuMDAwMCIsIlAiOiJXaW4zMiIsIkFOIjoiTWFpbCIsIldUIjoyfQ%3D%3D%7C0%7C%7C%7C&amp;sdata=Q%2Bg%2FdQHnZ1bSrvbvXboH2nY0UwjAhcM10JuAB8xQkds%3D&amp;reserved=0\">Solicitud de Renovaci\u00f3n del Acomodo Razonable<\/a><\/li><li><a href=\"https:\/\/forms.office.com\/pages\/responsepage.aspx?id=wF36DW8DFUaZ5JSvgi8rhOs2R0XHwWBOjHMaiHVBx9dUNkgxWEhOVlg5UEhGTTlLNFRSSklOSVNVVC4u\">Solicitud de reevaluaci\u00f3n del Acomodo Razonable<\/a><\/li><li><a href=\"https:\/\/forms.office.com\/pages\/responsepage.aspx?id=wF36DW8DFUaZ5JSvgi8rhOs2R0XHwWBOjHMaiHVBx9dUNFFPOFNLWFpPMVVLNFFHNVk0T1FOUUczTi4u\">Enviar Evidencia M\u00e9dica o Profesional<\/a><\/li><li><a href=\"https:\/\/forms.office.com\/pages\/responsepage.aspx?id=wF36DW8DFUaZ5JSvgi8rhOs2R0XHwWBOjHMaiHVBx9dUMThLV0FUSVZUVUpIWUJQRFBaVzYyRDNUQy4u\">Solicitud de Referido a OSEI<\/a><\/li><\/ul>\t\t\t\t\t\t\t\t<\/div>\n\t\t\t\t<\/div>\n\t\t\t\t<div class=\"elementor-element elementor-element-738591a elementor-widget elementor-widget-spacer\" data-id=\"738591a\" data-element_type=\"widget\" data-e-type=\"widget\" data-widget_type=\"spacer.default\">\n\t\t\t\t<div class=\"elementor-widget-container\">\n\t\t\t\t\t\t\t<div class=\"elementor-spacer\">\n\t\t\t<div class=\"elementor-spacer-inner\"><\/div>\n\t\t<\/div>\n\t\t\t\t\t\t<\/div>\n\t\t\t\t<\/div>\n\t\t\t\t<div class=\"elementor-element elementor-element-0d67cf1 elementor-widget elementor-widget-heading\" data-id=\"0d67cf1\" data-element_type=\"widget\" data-e-type=\"widget\" data-widget_type=\"heading.default\">\n\t\t\t\t<div class=\"elementor-widget-container\">\n\t\t\t\t\t<h2 class=\"elementor-heading-title elementor-size-default\">Preguntas Frecuentes<\/h2>\t\t\t\t<\/div>\n\t\t\t\t<\/div>\n\t\t\t\t<div class=\"elementor-element elementor-element-9a2e94d elementor-widget elementor-widget-accordion\" data-id=\"9a2e94d\" data-element_type=\"widget\" data-e-type=\"widget\" data-widget_type=\"accordion.default\">\n\t\t\t\t<div class=\"elementor-widget-container\">\n\t\t\t\t\t\t\t<div class=\"elementor-accordion\">\n\t\t\t\t\t\t\t<div class=\"elementor-accordion-item\">\n\t\t\t\t\t<div id=\"elementor-tab-title-1611\" class=\"elementor-tab-title\" data-tab=\"1\" role=\"button\" aria-controls=\"elementor-tab-content-1611\" aria-expanded=\"false\">\n\t\t\t\t\t\t\t\t\t\t\t\t\t<span class=\"elementor-accordion-icon elementor-accordion-icon-left\" aria-hidden=\"true\">\n\t\t\t\t\t\t\t\t\t\t\t\t\t\t\t<span class=\"elementor-accordion-icon-closed\"><i class=\"fas fa-plus\"><\/i><\/span>\n\t\t\t\t\t\t\t\t<span class=\"elementor-accordion-icon-opened\"><i class=\"fas fa-minus\"><\/i><\/span>\n\t\t\t\t\t\t\t\t\t\t\t\t\t\t<\/span>\n\t\t\t\t\t\t\t\t\t\t\t\t<a class=\"elementor-accordion-title\" tabindex=\"0\">\u00bfA D\u00d3NDE ENV\u00cdO LA EVIDENCIA M\u00c9DICA?<\/a>\n\t\t\t\t\t<\/div>\n\t\t\t\t\t<div id=\"elementor-tab-content-1611\" class=\"elementor-tab-content elementor-clearfix\" data-tab=\"1\" role=\"region\" aria-labelledby=\"elementor-tab-title-1611\"><p>Utiliza el formulario de<a href=\"https:\/\/forms.office.com\/pages\/responsepage.aspx?id=wF36DW8DFUaZ5JSvgi8rhOs2R0XHwWBOjHMaiHVBx9dUNFFPOFNLWFpPMVVLNFFHNVk0T1FOUUczTi4u&amp;route=shorturl\"> <span style=\"text-decoration: underline;\"><span style=\"color: #0000ff; text-decoration: underline;\">Enviar Evidencia M\u00e9dica o Profesional<\/span><\/span><\/a>, accesible con tu cuenta institucional de correo electr\u00f3nico.<\/p><p><strong>Nota:<\/strong> OSEI requiere que todos los documentos est\u00e9n completos para iniciar el proceso de evaluaci\u00f3n.<\/p><\/div>\n\t\t\t\t<\/div>\n\t\t\t\t\t\t\t<div class=\"elementor-accordion-item\">\n\t\t\t\t\t<div id=\"elementor-tab-title-1612\" class=\"elementor-tab-title\" data-tab=\"2\" role=\"button\" aria-controls=\"elementor-tab-content-1612\" aria-expanded=\"false\">\n\t\t\t\t\t\t\t\t\t\t\t\t\t<span class=\"elementor-accordion-icon elementor-accordion-icon-left\" aria-hidden=\"true\">\n\t\t\t\t\t\t\t\t\t\t\t\t\t\t\t<span class=\"elementor-accordion-icon-closed\"><i class=\"fas fa-plus\"><\/i><\/span>\n\t\t\t\t\t\t\t\t<span class=\"elementor-accordion-icon-opened\"><i class=\"fas fa-minus\"><\/i><\/span>\n\t\t\t\t\t\t\t\t\t\t\t\t\t\t<\/span>\n\t\t\t\t\t\t\t\t\t\t\t\t<a class=\"elementor-accordion-title\" tabindex=\"0\">\u00bfQU\u00c9 SUCEDE UNA VEZ ENV\u00cdO MI SOLICITUD?<\/a>\n\t\t\t\t\t<\/div>\n\t\t\t\t\t<div id=\"elementor-tab-content-1612\" class=\"elementor-tab-content elementor-clearfix\" data-tab=\"2\" role=\"region\" aria-labelledby=\"elementor-tab-title-1612\"><p>La Solicitud de Servicios es evaluada por la directora auxiliar, quien a su vez asigna el caso a un profesional de la consejer\u00eda en rehabilitaci\u00f3n para el proceso de evaluaci\u00f3n de acomodo razonable.<\/p><p>La evaluaci\u00f3n de acomodo razonable consiste en una entrevista y an\u00e1lisis de capacidad funcional para determinar los acomodos o modificaciones razonables necesarios para el entorno acad\u00e9mico postsecundario. Si falta alg\u00fan tipo de documentaci\u00f3n, se te informar\u00e1 a la brevedad posible. Consulta m\u00e1s detalles en la secci\u00f3n de <span style=\"text-decoration: underline;\"><span style=\"color: #0000ff; text-decoration: underline;\"><a style=\"color: #0000ff; text-decoration: underline;\" href=\"https:\/\/www.canva.com\/design\/DAFE6ynYh2Y\/J5GCeL1L1qRGPAWmUEdXNg\/view\">Preguntas Frecuentes<\/a><\/span><\/span>.<\/p><\/div>\n\t\t\t\t<\/div>\n\t\t\t\t\t\t\t\t<\/div>\n\t\t\t\t\t\t<\/div>\n\t\t\t\t<\/div>\n\t\t\t\t<div class=\"elementor-element elementor-element-aa8eb27 elementor-align-center elementor-widget elementor-widget-button\" data-id=\"aa8eb27\" data-element_type=\"widget\" data-e-type=\"widget\" data-widget_type=\"button.default\">\n\t\t\t\t<div class=\"elementor-widget-container\">\n\t\t\t\t\t\t\t\t\t<div class=\"elementor-button-wrapper\">\n\t\t\t\t\t<a class=\"elementor-button elementor-button-link elementor-size-sm\" href=\"https:\/\/www.canva.com\/design\/DAFE6ynYh2Y\/J5GCeL1L1qRGPAWmUEdXNg\/view\" target=\"_blank\">\n\t\t\t\t\t\t<span class=\"elementor-button-content-wrapper\">\n\t\t\t\t\t\t\t\t\t<span class=\"elementor-button-text\">M\u00e1s Preguntas Frecuentes [+]<\/span>\n\t\t\t\t\t<\/span>\n\t\t\t\t\t<\/a>\n\t\t\t\t<\/div>\n\t\t\t\t\t\t\t\t<\/div>\n\t\t\t\t<\/div>\n\t\t\t\t\t<\/div>\n\t\t<\/div>\n\t\t\t\t\t<\/div>\n\t\t<\/section>\n\t\t\t\t<section class=\"elementor-section elementor-top-section elementor-element elementor-element-ed8dff1 elementor-section-full_width elementor-section-height-default elementor-section-height-default\" data-id=\"ed8dff1\" data-element_type=\"section\" data-e-type=\"section\">\n\t\t\t\t\t\t<div class=\"elementor-container elementor-column-gap-default\">\n\t\t\t\t\t<div class=\"elementor-column elementor-col-100 elementor-top-column elementor-element elementor-element-7283dac\" data-id=\"7283dac\" data-element_type=\"column\" data-e-type=\"column\">\n\t\t\t<div class=\"elementor-widget-wrap elementor-element-populated\">\n\t\t\t\t\t\t<div class=\"elementor-element elementor-element-015b2ad elementor-widget elementor-widget-spacer\" data-id=\"015b2ad\" data-element_type=\"widget\" data-e-type=\"widget\" data-widget_type=\"spacer.default\">\n\t\t\t\t<div class=\"elementor-widget-container\">\n\t\t\t\t\t\t\t<div class=\"elementor-spacer\">\n\t\t\t<div class=\"elementor-spacer-inner\"><\/div>\n\t\t<\/div>\n\t\t\t\t\t\t<\/div>\n\t\t\t\t<\/div>\n\t\t\t\t<div class=\"elementor-element elementor-element-9b5ec89 elementor-widget elementor-widget-heading\" data-id=\"9b5ec89\" data-element_type=\"widget\" data-e-type=\"widget\" data-widget_type=\"heading.default\">\n\t\t\t\t<div class=\"elementor-widget-container\">\n\t\t\t\t\t<h2 class=\"elementor-heading-title elementor-size-default\">OTROS DOCUMENTOS Y SERVICIOS<\/h2>\t\t\t\t<\/div>\n\t\t\t\t<\/div>\n\t\t\t\t<div class=\"elementor-element elementor-element-147083f elementor-widget elementor-widget-text-editor\" data-id=\"147083f\" data-element_type=\"widget\" data-e-type=\"widget\" data-widget_type=\"text-editor.default\">\n\t\t\t\t<div class=\"elementor-widget-container\">\n\t\t\t\t\t\t\t\t\t<ul><li>Renovaci\u00f3n de Servicios: Lxs estudiantes activos deben renovar los acomodos razonables cada t\u00e9rmino acad\u00e9mico completando la <a href=\"https:\/\/nam02.safelinks.protection.outlook.com\/?url=https%3A%2F%2Fforms.office.com%2Fr%2FNSWfucDWwb&amp;data=05%7C02%7Ccarlam.rodriguez%40upr.edu%7C37bffb0a7dce4ac3cb5708dd8ca89fa1%7C0dfa5dc0036f461599e494af822f2b84%7C0%7C0%7C638821378034778947%7CUnknown%7CTWFpbGZsb3d8eyJFbXB0eU1hcGkiOnRydWUsIlYiOiIwLjAuMDAwMCIsIlAiOiJXaW4zMiIsIkFOIjoiTWFpbCIsIldUIjoyfQ%3D%3D%7C0%7C%7C%7C&amp;sdata=Q%2Bg%2FdQHnZ1bSrvbvXboH2nY0UwjAhcM10JuAB8xQkds%3D&amp;reserved=0\"><span style=\"text-decoration: underline;\"><span style=\"color: #0000ff; text-decoration: underline;\">Solicitud de Renovaci\u00f3n de Acomodo Razonable.<\/span><\/span><\/a><\/li><li>Reevaluaci\u00f3n de Acomodos: Si encuentras barreras acad\u00e9micas no cubiertas por tus acomodos actuales, solicita una reevaluaci\u00f3n llenando la <a href=\"https:\/\/forms.office.com\/pages\/responsepage.aspx?id=wF36DW8DFUaZ5JSvgi8rhOs2R0XHwWBOjHMaiHVBx9dUNkgxWEhOVlg5UEhGTTlLNFRSSklOSVNVVC4u&amp;route=shorturl\"><span style=\"text-decoration: underline;\"><span style=\"color: #0000ff; text-decoration: underline;\">Solicitud Reevaluaci\u00f3n de Acomodo Razonable<\/span><\/span><\/a>.<\/li><li>Reclamaciones o Quejas: Si consideras que tus derechos o servicios han sido incumplidos:<\/li><\/ul><ol><li style=\"list-style-type: none;\"><ol><li>Comun\u00edcate primero con el profesor(a) para dialogar y buscar soluciones.<\/li><li>Si no se resuelve, completa la <a href=\"https:\/\/forms.office.com\/pages\/responsepage.aspx?id=wF36DW8DFUaZ5JSvgi8rhOs2R0XHwWBOjHMaiHVBx9dUMTBVVUlaT0hLSzlaUlAyR1hIMEtWVFFJNS4u&amp;route=shorturl\"><span style=\"text-decoration: underline;\"><span style=\"color: #0000ff; text-decoration: underline;\">Solicitud de Quejas o Reclamaci\u00f3n<\/span><\/span><\/a> dentro de cinco d\u00edas laborables.<\/li><li>OSEI evaluar\u00e1 tu caso y, si es necesario, mediar\u00e1 con el profesor(a).<\/li><li>\u00a0Si no se encuentra una soluci\u00f3n, se aplicar\u00e1 el protocolo de la Certificaci\u00f3n 133 y se referir\u00e1 el caso a la Procuradur\u00eda Estudiantil.<\/li><\/ol><\/li><\/ol><ul><li>Referidos a OSEI: Cualquier miembro de la comunidad universitaria puede referir a un estudiante completando la <span style=\"text-decoration: underline;\"><span style=\"color: #0000ff;\"><a style=\"color: #0000ff; text-decoration: underline;\" href=\"https:\/\/forms.office.com\/pages\/responsepage.aspx?id=wF36DW8DFUaZ5JSvgi8rhOs2R0XHwWBOjHMaiHVBx9dUMThLV0FUSVZUVUpIWUJQRFBaVzYyRDNUQy4u\">Solicitud de Referido a OSEI.<\/a><\/span><\/span><\/li><\/ul><h4 style=\"text-align: center;\">Para dudas adicionales, compartimos la siguiente informaci\u00f3n con\u00a0<a href=\"https:\/\/www.canva.com\/design\/DAFE6ynYh2Y\/J5GCeL1L1qRGPAWmUEdXNg\/view?utm_content=DAFE6ynYh2Y&amp;utm_campaign=designshare&amp;utm_medium=link2&amp;utm_source=sharebutton\">Preguntas Frecuentes de OSEI.<\/a><\/h4>\t\t\t\t\t\t\t\t<\/div>\n\t\t\t\t<\/div>\n\t\t\t\t\t<\/div>\n\t\t<\/div>\n\t\t\t\t\t<\/div>\n\t\t<\/section>\n\t\t\t\t<section class=\"elementor-section elementor-top-section elementor-element elementor-element-7a27c0c elementor-section-full_width elementor-section-stretched elementor-section-height-default elementor-section-height-default\" data-id=\"7a27c0c\" data-element_type=\"section\" data-e-type=\"section\" data-settings=\"{&quot;stretch_section&quot;:&quot;section-stretched&quot;}\">\n\t\t\t\t\t\t\t<div class=\"elementor-background-overlay\"><\/div>\n\t\t\t\t\t\t\t<div class=\"elementor-container elementor-column-gap-default\">\n\t\t\t\t\t<div class=\"elementor-column elementor-col-100 elementor-top-column elementor-element elementor-element-2e49378\" data-id=\"2e49378\" data-element_type=\"column\" data-e-type=\"column\">\n\t\t\t<div class=\"elementor-widget-wrap elementor-element-populated\">\n\t\t\t\t\t\t<div class=\"elementor-element elementor-element-9975b16 elementor-widget elementor-widget-spacer\" data-id=\"9975b16\" data-element_type=\"widget\" data-e-type=\"widget\" data-widget_type=\"spacer.default\">\n\t\t\t\t<div class=\"elementor-widget-container\">\n\t\t\t\t\t\t\t<div class=\"elementor-spacer\">\n\t\t\t<div class=\"elementor-spacer-inner\"><\/div>\n\t\t<\/div>\n\t\t\t\t\t\t<\/div>\n\t\t\t\t<\/div>\n\t\t\t\t<div class=\"elementor-element elementor-element-0a1f1d7 elementor-widget elementor-widget-heading\" data-id=\"0a1f1d7\" data-element_type=\"widget\" data-e-type=\"widget\" data-widget_type=\"heading.default\">\n\t\t\t\t<div class=\"elementor-widget-container\">\n\t\t\t\t\t<h2 class=\"elementor-heading-title elementor-size-default\">\u00a1EN OSEI ESTAMOS PARA AYUDARTE!\n<\/h2>\t\t\t\t<\/div>\n\t\t\t\t<\/div>\n\t\t\t\t<div class=\"elementor-element elementor-element-9854e8b elementor-widget elementor-widget-text-editor\" data-id=\"9854e8b\" data-element_type=\"widget\" data-e-type=\"widget\" data-widget_type=\"text-editor.default\">\n\t\t\t\t<div class=\"elementor-widget-container\">\n\t\t\t\t\t\t\t\t\t<p style=\"text-align: center;\">Si tienes alguna duda, problema o situaci\u00f3n en poder realizar el proceso electr\u00f3nicamente y necesitas ayuda<\/p><p style=\"text-align: center;\">recuerda puedes comunicarte con nosotros al correo electr\u00f3nico\u00a0<\/p><p style=\"text-align: center;\"><a href=\"mailto:oapi.rrp@upr.edu\"><strong>oapi.rrp@upr.edu<\/strong><\/a>.<\/p>\t\t\t\t\t\t\t\t<\/div>\n\t\t\t\t<\/div>\n\t\t\t\t<div class=\"elementor-element elementor-element-f631e76 elementor-widget elementor-widget-spacer\" data-id=\"f631e76\" data-element_type=\"widget\" data-e-type=\"widget\" data-widget_type=\"spacer.default\">\n\t\t\t\t<div class=\"elementor-widget-container\">\n\t\t\t\t\t\t\t<div class=\"elementor-spacer\">\n\t\t\t<div class=\"elementor-spacer-inner\"><\/div>\n\t\t<\/div>\n\t\t\t\t\t\t<\/div>\n\t\t\t\t<\/div>\n\t\t\t\t\t<\/div>\n\t\t<\/div>\n\t\t\t\t\t<\/div>\n\t\t<\/section>\n\t\t\t\t<\/div>\n\t\t","protected":false},"excerpt":{"rendered":"<p>Informaci\u00f3n sobre documentos y formulario para solicitud de acomodo razonable y otros servicios En esta secci\u00f3n encontrar\u00e1s todo lo necesario para completar tu solicitud de acomodo razonable y otros servicios ofrecidos por OSEI. Para facilitar tu proceso, hemos preparado un &hellip; <\/p>\n","protected":false},"author":1,"featured_media":0,"parent":0,"menu_order":0,"comment_status":"closed","ping_status":"closed","template":"","meta":{"iawp_total_views":592,"footnotes":""},"class_list":["post-15620","page","type-page","status-publish","hentry"],"_links":{"self":[{"href":"https:\/\/estudiantes.uprrp.edu\/osei\/wp-json\/wp\/v2\/pages\/15620","targetHints":{"allow":["GET"]}}],"collection":[{"href":"https:\/\/estudiantes.uprrp.edu\/osei\/wp-json\/wp\/v2\/pages"}],"about":[{"href":"https:\/\/estudiantes.uprrp.edu\/osei\/wp-json\/wp\/v2\/types\/page"}],"author":[{"embeddable":true,"href":"https:\/\/estudiantes.uprrp.edu\/osei\/wp-json\/wp\/v2\/users\/1"}],"replies":[{"embeddable":true,"href":"https:\/\/estudiantes.uprrp.edu\/osei\/wp-json\/wp\/v2\/comments?post=15620"}],"version-history":[{"count":70,"href":"https:\/\/estudiantes.uprrp.edu\/osei\/wp-json\/wp\/v2\/pages\/15620\/revisions"}],"predecessor-version":[{"id":15933,"href":"https:\/\/estudiantes.uprrp.edu\/osei\/wp-json\/wp\/v2\/pages\/15620\/revisions\/15933"}],"wp:attachment":[{"href":"https:\/\/estudiantes.uprrp.edu\/osei\/wp-json\/wp\/v2\/media?parent=15620"}],"curies":[{"name":"wp","href":"https:\/\/api.w.org\/{rel}","templated":true}]}}