{"id":15543,"date":"2023-08-28T13:11:04","date_gmt":"2023-08-28T13:11:04","guid":{"rendered":"https:\/\/estudiantes.uprrp.edu\/osei\/?page_id=15543"},"modified":"2023-08-28T13:11:04","modified_gmt":"2023-08-28T13:11:04","slug":"estadisticas-e-investigacion","status":"publish","type":"page","link":"https:\/\/estudiantes.uprrp.edu\/osei\/estadisticas-e-investigacion\/","title":{"rendered":"Estad\u00edsticas e Investigaci\u00f3n"},"content":{"rendered":"<p>Datos sobre servicios brindados y caracter\u00edsticas de estudiantes con diversidad funcional<\/p>\n<ul>\n<li><a href=\"https:\/\/docs.google.com\/document\/d\/1mVtLghWOEbpLy5Bwc568oLOoN05-IVEp9dR8AY24jC4\/edit\" target=\"_blank\" rel=\"noopener\">Verano 2020<\/a><\/li>\n<li><a href=\"https:\/\/docs.google.com\/document\/d\/1_dk3bAFMnysKxKwJePT80QU-pejAvcxbmTo3hppMKS0\/edit\" target=\"_blank\" rel=\"noopener\">Primer Semestre 2019-2020<\/a><\/li>\n<\/ul>\n","protected":false},"excerpt":{"rendered":"<p>Datos sobre servicios brindados y caracter\u00edsticas de estudiantes con diversidad funcional Verano 2020 Primer Semestre 2019-2020<\/p>\n","protected":false},"author":1,"featured_media":0,"parent":0,"menu_order":0,"comment_status":"closed","ping_status":"closed","template":"","meta":{"iawp_total_views":21,"footnotes":""},"class_list":["post-15543","page","type-page","status-publish","hentry"],"_links":{"self":[{"href":"https:\/\/estudiantes.uprrp.edu\/osei\/wp-json\/wp\/v2\/pages\/15543","targetHints":{"allow":["GET"]}}],"collection":[{"href":"https:\/\/estudiantes.uprrp.edu\/osei\/wp-json\/wp\/v2\/pages"}],"about":[{"href":"https:\/\/estudiantes.uprrp.edu\/osei\/wp-json\/wp\/v2\/types\/page"}],"author":[{"embeddable":true,"href":"https:\/\/estudiantes.uprrp.edu\/osei\/wp-json\/wp\/v2\/users\/1"}],"replies":[{"embeddable":true,"href":"https:\/\/estudiantes.uprrp.edu\/osei\/wp-json\/wp\/v2\/comments?post=15543"}],"version-history":[{"count":1,"href":"https:\/\/estudiantes.uprrp.edu\/osei\/wp-json\/wp\/v2\/pages\/15543\/revisions"}],"predecessor-version":[{"id":15544,"href":"https:\/\/estudiantes.uprrp.edu\/osei\/wp-json\/wp\/v2\/pages\/15543\/revisions\/15544"}],"wp:attachment":[{"href":"https:\/\/estudiantes.uprrp.edu\/osei\/wp-json\/wp\/v2\/media?parent=15543"}],"curies":[{"name":"wp","href":"https:\/\/api.w.org\/{rel}","templated":true}]}}