{"id":15540,"date":"2023-08-28T13:05:44","date_gmt":"2023-08-28T13:05:44","guid":{"rendered":"https:\/\/estudiantes.uprrp.edu\/osei\/?page_id=15540"},"modified":"2023-08-28T15:16:32","modified_gmt":"2023-08-28T15:16:32","slug":"leyes-y-normativas-para-personas-con-impedimentos","status":"publish","type":"page","link":"https:\/\/estudiantes.uprrp.edu\/osei\/leyes-y-normativas-para-personas-con-impedimentos\/","title":{"rendered":"Leyes y Normativas para personas con impedimentos"},"content":{"rendered":"<div id=\"container\">\n<div id=\"content\">\n<div id=\"post-5276\" class=\"post-5276 page type-page status-publish hentry odd\">\n<div class=\"entry entry-content\">\n<h3 style=\"text-align: center;\">LEYES Y NORMATIVAS SOBRE PERSONAS CON IMPEDIMENTOS QUE INCIDE EN LA UPR-RP<\/h3>\n<p><em><strong>Leyes Federales:<\/strong><\/em><\/p>\n<ol>\n<li>\n<h4><strong><a href=\"https:\/\/estudiantes.uprrp.edu\/resumen-de-la-legislacion-federal\/\">Resumen de la Legislaci\u00f3n Federal<\/a><\/strong><\/h4>\n<\/li>\n<li>\n<h4><strong><a href=\"http:\/\/estudiantes.uprrp.edu\/wp-content\/uploads\/2018\/12\/Ley-ADA-42-US-Code.pdf\">Ley de Americanos con impedimentos, seg\u00fan enmendada 1990 (ADA)<\/a><\/strong><\/h4>\n<ol>\n<li>\n<h4><strong><a href=\"http:\/\/estudiantes.uprrp.edu\/wp-content\/uploads\/2018\/12\/ADA-National-Network-Service_Animal_Booklet_final-Spanish-FINAL-1.pdf\">Folleto sobre el uso de animales de servicio por ADA National Network<\/a><\/strong><\/h4>\n<\/li>\n<\/ol>\n<\/li>\n<li>\n<h4><strong><a href=\"http:\/\/estudiantes.uprrp.edu\/wp-content\/uploads\/2018\/12\/Ley-de-Rehabilitacion-Pl-93-112.pdf\">Ley De Rehabilitaci\u00f3n De 1973, PL 93-112, seg\u00fan enmendada<\/a><\/strong><\/h4>\n<\/li>\n<\/ol>\n<h4><em><strong>\u00a0<\/strong><\/em><\/h4>\n<h4><em><strong>\u00a0<\/strong><\/em><em><strong>Leyes Estatales:<\/strong><\/em><\/h4>\n<ol>\n<li>\n<h4><strong><a href=\"http:\/\/estudiantes.uprrp.edu\/wp-content\/uploads\/2018\/12\/LEY-250-2012-ADMISION-EXTENDIDA.pdf\">Pasaporte Post-secundario de Acomodo Razonable, Ley 250 de 2012, seg\u00fan enmendada; ahora conocida como \u201cLey de Admisi\u00f3n Extendida, Acomodo Razonable y Retenci\u00f3n para Estudiantes con Impedimentos o Diversidad Funcional en Transici\u00f3n desde la Escuela Secundaria a Grados Postsecundarios\u201d<\/a><\/strong><\/h4>\n<\/li>\n<li>\n<h4><strong><a href=\"http:\/\/estudiantes.uprrp.edu\/wp-content\/uploads\/2018\/12\/Ley-63-15-abr-2011.pdf\">Ley para establecer el Sistema de Servicios Bibliotecarios Inclusivos de Asistencia Tecnol\u00f3gica en todas las bibliotecas, Ley 63 de 2011<\/a><\/strong><\/h4>\n<\/li>\n<li>\n<h4><strong><a href=\"http:\/\/estudiantes.uprrp.edu\/wp-content\/uploads\/2018\/12\/Ley-238-2004-Carta-de-Derechos-de-las-Personas-con-Impedimentos.pdf\">Carta de Derechos de las Personas con Impedimentos, Ley N\u00fam. 238 de 2004, seg\u00fan enmendada<\/a><\/strong><\/h4>\n<\/li>\n<li>\n<h4><strong><a href=\"http:\/\/estudiantes.uprrp.edu\/wp-content\/uploads\/2018\/12\/Ley-229-paragarantizarelaccesodeinformacionalaspersonasconimpedimentos.pdf\">Garantizar Acceso de Informaci\u00f3n a las Personas con Impedimento, Ley 229 de 2003<\/a><\/strong><\/h4>\n<\/li>\n<li>\n<h4><strong><a href=\"http:\/\/estudiantes.uprrp.edu\/wp-content\/uploads\/2018\/12\/Ley-97-DE-2000-RehabilitacionVocacional.pdf\">Ley de Rehabilitaci\u00f3n Vocacional de PR, Ley 97 de 2000, seg\u00fan enmendada<\/a><\/strong><\/h4>\n<\/li>\n<li>\n<h4><strong><a href=\"http:\/\/estudiantes.uprrp.edu\/wp-content\/uploads\/2018\/12\/Ley136-1996.pdf\">Personas con Impedimentos Auditivos, Ley 136 de 1996<\/a><\/strong><\/h4>\n<\/li>\n<li>\n<h4><strong><a href=\"http:\/\/estudiantes.uprrp.edu\/wp-content\/uploads\/2018\/12\/Ley-51-1996-Servicios-Educativos-Integrales-Personas-con-Impedimentos.pdf\">Ley de Servicios Educativos Integrales para Personas con Impedimentos, Ley 51 de 1996, seg\u00fan enmendada<\/a><\/strong><\/h4>\n<\/li>\n<li>\n<h4><strong><a href=\"http:\/\/estudiantes.uprrp.edu\/wp-content\/uploads\/2018\/12\/LEY-44-1985-ANTI-DISCRIMEN.pdf\">Ley Anti discrimen de Puerto Rico, Ley 44 de 2 de julio de 1985, seg\u00fan enmendada<\/a><\/strong><\/h4>\n<\/li>\n<\/ol>\n<h4><strong>\u00a0<\/strong><strong>\u00a0<\/strong><\/h4>\n<h4><em><strong>Certificaciones en la UPR:<\/strong><\/em><\/h4>\n<ol>\n<li>\n<h4><strong><a href=\"http:\/\/estudiantes.uprrp.edu\/wp-content\/uploads\/2018\/12\/Certificacion-133.pdf\">Pol\u00edtica de Modificaciones Razonables y Servicios Acad\u00e9micos para Estudiantes con Impedimentos Matriculados en la Universidad de Puerto Rico, Certificaci\u00f3n N\u00fam. 133 2015-2016 de la Junta de Gobierno de la Universidad de Puerto Rico.<\/a><\/strong><\/h4>\n<\/li>\n<li>\n<h4><strong><a href=\"http:\/\/estudiantes.uprrp.edu\/wp-content\/uploads\/2018\/12\/Certificacion-111.pdf\">Normas y Procedimientos Complementarios de la Universidad de Puerto rico para la Admisi\u00f3n Extendida de Nuevo Ingreso y Plan de Retenci\u00f3n de Estudiantes con Impedimentos o Diversidad Funcional, Certificaci\u00f3n N\u00fam. 111, 2014-2015 de la Junta de Gobierno de la Universidad de Puerto Rico.<\/a><\/strong><\/h4>\n<\/li>\n<li>\n<h4><strong><a href=\"http:\/\/estudiantes.uprrp.edu\/wp-content\/uploads\/2018\/12\/Cert-58-2004-2005-No-Discrimen-en-UPR.pdf\">Pol\u00edtica contra la Discriminaci\u00f3n en la Universidad de Puerto Rico, Certificaci\u00f3n N\u00fam. 58 Junta de S\u00edndicos 2004-2005.<\/a><\/strong><\/h4>\n<\/li>\n<li>\n<h4><strong><a href=\"http:\/\/estudiantes.uprrp.edu\/wp-content\/uploads\/2018\/12\/Cert.-143-2002-2003-Vision-mision-UPR-en-torno-a-Impedidos.pdf\">Filosof\u00eda, Visi\u00f3n y Misi\u00f3n de la Universidad de Puerto Rico en torno a las Personas con Impedimentos, Certificaci\u00f3n N\u00fam. 143 2002-2003 de la Junta de S\u00edndicos.<\/a><\/strong><\/h4>\n<\/li>\n<li>\n<h4><strong><a href=\"http:\/\/estudiantes.uprrp.edu\/wp-content\/uploads\/2018\/12\/CIRCULAR-09-DAA-2002-2003-Ley-51-y-Prontuarios.pdf\">Circular N\u00fam. 9, Decanato de Asuntos Acad\u00e9micos 2002-2003, Ley 51 y Prontuarios de cursos.<\/a><\/strong><\/h4>\n<\/li>\n<li>\n<h4><strong><a href=\"http:\/\/estudiantes.uprrp.edu\/wp-content\/uploads\/2018\/12\/Cert-59-1999-2000-JS.pdf\">Personas con Impedimentos Auditivos, Certificaci\u00f3n N\u00fam. 059, 1999-2000 de la Junta de S\u00edndicos.\u00a0 Viabiliza la aplicaci\u00f3n y adopci\u00f3n de las disposiciones de la Ley N\u00famero 136 del 13 de agosto de 1996; que provee int\u00e9rpretes que asistan a personas con impedimentos auditivos.<\/a><\/strong><\/h4>\n<\/li>\n<li>\n<h4><strong><a href=\"http:\/\/estudiantes.uprrp.edu\/wp-content\/uploads\/2018\/12\/Cert-16-1997-1998-JS-Reglamento-Responsabilidades-de-la-UPR.pdf\">Reglamento para el cumplimiento de las Responsabilidades de la Universidad de Puerto Rico seg\u00fan la \u201cLey de Servicios Educativos Integrales para Personas con Impedimentos\u201d, Certificaci\u00f3n N\u00fam. 016, 1997-1998 de la Junta de S\u00edndicos.\u00a0<\/a><\/strong><\/h4>\n<\/li>\n<li>\n<h4><strong><a href=\"http:\/\/estudiantes.uprrp.edu\/wp-content\/uploads\/2018\/12\/Cert-25-1994-1995-SA.pdf\">Pol\u00edtica de No Discrimen, Certificaci\u00f3n N\u00fam. 25 1994-1995 del Senado Acad\u00e9mico del Recinto de R\u00edo Piedras.\u00a0<\/a><\/strong><\/h4>\n<\/li>\n<\/ol>\n<\/div>\n<\/div>\n<\/div>\n<\/div>\n<div id=\"sidebar\">\n<div id=\"text-6\" class=\"widget widget_text\"><\/div>\n<\/div>\n","protected":false},"excerpt":{"rendered":"<p>LEYES Y NORMATIVAS SOBRE PERSONAS CON IMPEDIMENTOS QUE INCIDE EN LA UPR-RP Leyes Federales: Resumen de la Legislaci\u00f3n Federal Ley de Americanos con impedimentos, seg\u00fan enmendada 1990 (ADA) Folleto sobre el uso de animales de servicio por ADA National Network &hellip; <\/p>\n","protected":false},"author":1,"featured_media":0,"parent":0,"menu_order":0,"comment_status":"closed","ping_status":"closed","template":"","meta":{"iawp_total_views":97,"footnotes":""},"class_list":["post-15540","page","type-page","status-publish","hentry"],"_links":{"self":[{"href":"https:\/\/estudiantes.uprrp.edu\/osei\/wp-json\/wp\/v2\/pages\/15540","targetHints":{"allow":["GET"]}}],"collection":[{"href":"https:\/\/estudiantes.uprrp.edu\/osei\/wp-json\/wp\/v2\/pages"}],"about":[{"href":"https:\/\/estudiantes.uprrp.edu\/osei\/wp-json\/wp\/v2\/types\/page"}],"author":[{"embeddable":true,"href":"https:\/\/estudiantes.uprrp.edu\/osei\/wp-json\/wp\/v2\/users\/1"}],"replies":[{"embeddable":true,"href":"https:\/\/estudiantes.uprrp.edu\/osei\/wp-json\/wp\/v2\/comments?post=15540"}],"version-history":[{"count":2,"href":"https:\/\/estudiantes.uprrp.edu\/osei\/wp-json\/wp\/v2\/pages\/15540\/revisions"}],"predecessor-version":[{"id":15542,"href":"https:\/\/estudiantes.uprrp.edu\/osei\/wp-json\/wp\/v2\/pages\/15540\/revisions\/15542"}],"wp:attachment":[{"href":"https:\/\/estudiantes.uprrp.edu\/osei\/wp-json\/wp\/v2\/media?parent=15540"}],"curies":[{"name":"wp","href":"https:\/\/api.w.org\/{rel}","templated":true}]}}