{"id":16373,"date":"2025-08-15T14:46:38","date_gmt":"2025-08-15T14:46:38","guid":{"rendered":"https:\/\/estudiantes.uprrp.edu\/conecta\/?page_id=16373"},"modified":"2025-08-27T14:56:32","modified_gmt":"2025-08-27T14:56:32","slug":"sobre-conecta","status":"publish","type":"page","link":"https:\/\/estudiantes.uprrp.edu\/conecta\/sobre-conecta\/","title":{"rendered":"Sobre Conecta"},"content":{"rendered":"\t\t<div data-elementor-type=\"wp-page\" data-elementor-id=\"16373\" class=\"elementor elementor-16373\">\n\t\t\t\t<div class=\"elementor-element elementor-element-45dc0459 e-flex e-con-boxed e-con e-parent\" data-id=\"45dc0459\" data-element_type=\"container\" data-e-type=\"container\">\n\t\t\t\t\t<div class=\"e-con-inner\">\n\t\t\t\t<div class=\"elementor-element elementor-element-15eccc5 elementor-widget elementor-widget-heading\" data-id=\"15eccc5\" data-element_type=\"widget\" data-e-type=\"widget\" data-widget_type=\"heading.default\">\n\t\t\t\t<div class=\"elementor-widget-container\">\n\t\t\t\t\t<h2 class=\"elementor-heading-title elementor-size-default\">\u00bfQu\u00e9 es CONECTA?<\/h2>\t\t\t\t<\/div>\n\t\t\t\t<\/div>\n\t\t\t\t<div class=\"elementor-element elementor-element-fafed26 elementor-widget elementor-widget-spacer\" data-id=\"fafed26\" data-element_type=\"widget\" data-e-type=\"widget\" data-widget_type=\"spacer.default\">\n\t\t\t\t<div class=\"elementor-widget-container\">\n\t\t\t\t\t\t\t<div class=\"elementor-spacer\">\n\t\t\t<div class=\"elementor-spacer-inner\"><\/div>\n\t\t<\/div>\n\t\t\t\t\t\t<\/div>\n\t\t\t\t<\/div>\n\t\t\t\t<div class=\"elementor-element elementor-element-7d27b562 elementor-widget elementor-widget-text-editor\" data-id=\"7d27b562\" data-element_type=\"widget\" data-e-type=\"widget\" data-widget_type=\"text-editor.default\">\n\t\t\t\t<div class=\"elementor-widget-container\">\n\t\t\t\t\t\t\t\t\t<p>El <strong>Programa CONECTA<\/strong> es una iniciativa del Departamento de Consejer\u00eda para el Desarrollo Estudiantil (DCODE) del Decanato de Estudiantes, dedicada a promover la salud mental y el bienestar integral de nuestra comunidad universitaria.<\/p><p>Esta propuesta es posible gracias a la aprobaci\u00f3n de la subvenci\u00f3n GLS Campus Suicide Prevention Grant otorgada por la <em>Substance Abuse and Mental Health Services Administration (SAMHSA)<\/em> del Departamento de Salud y Servicios Humanos de los Estados Unidos (HHS).<\/p><p>Nuestro compromiso es desarrollar estrategias efectivas de prevenci\u00f3n del suicidio y fortalecer el bienestar de nuestra comunidad universitaria, abordando los desaf\u00edos \u00fanicos que enfrenta nuestra poblaci\u00f3n en Puerto Rico promoviendo un recinto saludable, resiliente y solidario.<\/p>\t\t\t\t\t\t\t\t<\/div>\n\t\t\t\t<\/div>\n\t\t\t\t\t<\/div>\n\t\t\t\t<\/div>\n\t\t<div class=\"elementor-element elementor-element-7b252b2 e-flex e-con-boxed e-con e-parent\" data-id=\"7b252b2\" data-element_type=\"container\" data-e-type=\"container\">\n\t\t\t\t\t<div class=\"e-con-inner\">\n\t\t<div class=\"elementor-element elementor-element-a9da833 e-con-full e-flex e-con e-child\" data-id=\"a9da833\" data-element_type=\"container\" data-e-type=\"container\">\n\t\t\t\t<div class=\"elementor-element elementor-element-af05f90 elementor-widget elementor-widget-heading\" data-id=\"af05f90\" data-element_type=\"widget\" data-e-type=\"widget\" data-widget_type=\"heading.default\">\n\t\t\t\t<div class=\"elementor-widget-container\">\n\t\t\t\t\t<h2 class=\"elementor-heading-title elementor-size-default\">C<\/h2>\t\t\t\t<\/div>\n\t\t\t\t<\/div>\n\t\t\t\t<\/div>\n\t\t<div class=\"elementor-element elementor-element-65ea4f6 e-con-full e-flex e-con e-child\" data-id=\"65ea4f6\" data-element_type=\"container\" data-e-type=\"container\">\n\t\t\t\t<div class=\"elementor-element elementor-element-86d3c52 elementor-widget elementor-widget-text-editor\" data-id=\"86d3c52\" data-element_type=\"widget\" data-e-type=\"widget\" data-widget_type=\"text-editor.default\">\n\t\t\t\t<div class=\"elementor-widget-container\">\n\t\t\t\t\t\t\t\t\t<p><strong><u><sup>C<\/sup><\/u><\/strong><sup>rear y fortalecer redes de apoyo en el campus para estudiantes en riesgo.<\/sup><\/p>\t\t\t\t\t\t\t\t<\/div>\n\t\t\t\t<\/div>\n\t\t\t\t<\/div>\n\t\t\t\t\t<\/div>\n\t\t\t\t<\/div>\n\t\t<div class=\"elementor-element elementor-element-7a526ca e-flex e-con-boxed e-con e-parent\" data-id=\"7a526ca\" data-element_type=\"container\" data-e-type=\"container\">\n\t\t\t\t\t<div class=\"e-con-inner\">\n\t\t<div class=\"elementor-element elementor-element-33eccec e-con-full e-flex e-con e-child\" data-id=\"33eccec\" data-element_type=\"container\" data-e-type=\"container\">\n\t\t\t\t<div class=\"elementor-element elementor-element-b1253bf elementor-widget elementor-widget-heading\" data-id=\"b1253bf\" data-element_type=\"widget\" data-e-type=\"widget\" data-widget_type=\"heading.default\">\n\t\t\t\t<div class=\"elementor-widget-container\">\n\t\t\t\t\t<h2 class=\"elementor-heading-title elementor-size-default\">O<\/h2>\t\t\t\t<\/div>\n\t\t\t\t<\/div>\n\t\t\t\t<\/div>\n\t\t<div class=\"elementor-element elementor-element-3dce8d7 e-con-full e-flex e-con e-child\" data-id=\"3dce8d7\" data-element_type=\"container\" data-e-type=\"container\">\n\t\t\t\t<div class=\"elementor-element elementor-element-b70fd87 elementor-widget elementor-widget-text-editor\" data-id=\"b70fd87\" data-element_type=\"widget\" data-e-type=\"widget\" data-widget_type=\"text-editor.default\">\n\t\t\t\t<div class=\"elementor-widget-container\">\n\t\t\t\t\t\t\t\t\t<p><strong><u><sup>O<\/sup><\/u><\/strong><sup>rientar a la comunidad universitaria sobre los recursos disponibles y las se\u00f1ales de alerta en salud mental.<\/sup><\/p>\t\t\t\t\t\t\t\t<\/div>\n\t\t\t\t<\/div>\n\t\t\t\t<\/div>\n\t\t\t\t\t<\/div>\n\t\t\t\t<\/div>\n\t\t<div class=\"elementor-element elementor-element-00ab4b7 e-flex e-con-boxed e-con e-parent\" data-id=\"00ab4b7\" data-element_type=\"container\" data-e-type=\"container\">\n\t\t\t\t\t<div class=\"e-con-inner\">\n\t\t<div class=\"elementor-element elementor-element-f8d22b2 e-con-full e-flex e-con e-child\" data-id=\"f8d22b2\" data-element_type=\"container\" data-e-type=\"container\">\n\t\t\t\t<div class=\"elementor-element elementor-element-5169b35 elementor-widget elementor-widget-heading\" data-id=\"5169b35\" data-element_type=\"widget\" data-e-type=\"widget\" data-widget_type=\"heading.default\">\n\t\t\t\t<div class=\"elementor-widget-container\">\n\t\t\t\t\t<h2 class=\"elementor-heading-title elementor-size-default\">N<\/h2>\t\t\t\t<\/div>\n\t\t\t\t<\/div>\n\t\t\t\t<\/div>\n\t\t<div class=\"elementor-element elementor-element-3850df2 e-con-full e-flex e-con e-child\" data-id=\"3850df2\" data-element_type=\"container\" data-e-type=\"container\">\n\t\t\t\t<div class=\"elementor-element elementor-element-cf8d074 elementor-widget elementor-widget-text-editor\" data-id=\"cf8d074\" data-element_type=\"widget\" data-e-type=\"widget\" data-widget_type=\"text-editor.default\">\n\t\t\t\t<div class=\"elementor-widget-container\">\n\t\t\t\t\t\t\t\t\t<p><strong><u><sup>N<\/sup><\/u><\/strong><sup>ormalizar el acceso y uso de servicios de salud mental mediante campa\u00f1as educativas.<\/sup><\/p>\t\t\t\t\t\t\t\t<\/div>\n\t\t\t\t<\/div>\n\t\t\t\t<\/div>\n\t\t\t\t\t<\/div>\n\t\t\t\t<\/div>\n\t\t<div class=\"elementor-element elementor-element-2a1712d e-flex e-con-boxed e-con e-parent\" data-id=\"2a1712d\" data-element_type=\"container\" data-e-type=\"container\">\n\t\t\t\t\t<div class=\"e-con-inner\">\n\t\t<div class=\"elementor-element elementor-element-0d89483 e-con-full e-flex e-con e-child\" data-id=\"0d89483\" data-element_type=\"container\" data-e-type=\"container\">\n\t\t\t\t<div class=\"elementor-element elementor-element-8226714 elementor-widget elementor-widget-heading\" data-id=\"8226714\" data-element_type=\"widget\" data-e-type=\"widget\" data-widget_type=\"heading.default\">\n\t\t\t\t<div class=\"elementor-widget-container\">\n\t\t\t\t\t<h2 class=\"elementor-heading-title elementor-size-default\">E<\/h2>\t\t\t\t<\/div>\n\t\t\t\t<\/div>\n\t\t\t\t<\/div>\n\t\t<div class=\"elementor-element elementor-element-cb8cbe8 e-con-full e-flex e-con e-child\" data-id=\"cb8cbe8\" data-element_type=\"container\" data-e-type=\"container\">\n\t\t\t\t<div class=\"elementor-element elementor-element-9764cdb elementor-widget elementor-widget-text-editor\" data-id=\"9764cdb\" data-element_type=\"widget\" data-e-type=\"widget\" data-widget_type=\"text-editor.default\">\n\t\t\t\t<div class=\"elementor-widget-container\">\n\t\t\t\t\t\t\t\t\t<p><strong><u><sup>E<\/sup><\/u><\/strong><sup>stablecer un sistema de detecci\u00f3n temprana y seguimiento de riesgo utilizando modelos de aprendizaje autom\u00e1tico.<\/sup><\/p>\t\t\t\t\t\t\t\t<\/div>\n\t\t\t\t<\/div>\n\t\t\t\t<\/div>\n\t\t\t\t\t<\/div>\n\t\t\t\t<\/div>\n\t\t<div class=\"elementor-element elementor-element-3191f23 e-flex e-con-boxed e-con e-parent\" data-id=\"3191f23\" data-element_type=\"container\" data-e-type=\"container\">\n\t\t\t\t\t<div class=\"e-con-inner\">\n\t\t<div class=\"elementor-element elementor-element-5d866b3 e-con-full e-flex e-con e-child\" data-id=\"5d866b3\" data-element_type=\"container\" data-e-type=\"container\">\n\t\t\t\t<div class=\"elementor-element elementor-element-582be66 elementor-widget elementor-widget-heading\" data-id=\"582be66\" data-element_type=\"widget\" data-e-type=\"widget\" data-widget_type=\"heading.default\">\n\t\t\t\t<div class=\"elementor-widget-container\">\n\t\t\t\t\t<h2 class=\"elementor-heading-title elementor-size-default\">C<\/h2>\t\t\t\t<\/div>\n\t\t\t\t<\/div>\n\t\t\t\t<\/div>\n\t\t<div class=\"elementor-element elementor-element-6d2e1ad e-con-full e-flex e-con e-child\" data-id=\"6d2e1ad\" data-element_type=\"container\" data-e-type=\"container\">\n\t\t\t\t<div class=\"elementor-element elementor-element-8b24717 elementor-widget elementor-widget-text-editor\" data-id=\"8b24717\" data-element_type=\"widget\" data-e-type=\"widget\" data-widget_type=\"text-editor.default\">\n\t\t\t\t<div class=\"elementor-widget-container\">\n\t\t\t\t\t\t\t\t\t<p><strong><u><sup>C<\/sup><\/u><\/strong><sup>apacitar a la comunidad universitaria para promover la identificaci\u00f3n e intervenci\u00f3n efectiva ante se\u00f1ales de alerta de una posible crisis suicida o de salud mental.<\/sup><\/p>\t\t\t\t\t\t\t\t<\/div>\n\t\t\t\t<\/div>\n\t\t\t\t<\/div>\n\t\t\t\t\t<\/div>\n\t\t\t\t<\/div>\n\t\t<div class=\"elementor-element elementor-element-e910234 e-flex e-con-boxed e-con e-parent\" data-id=\"e910234\" data-element_type=\"container\" data-e-type=\"container\">\n\t\t\t\t\t<div class=\"e-con-inner\">\n\t\t<div class=\"elementor-element elementor-element-9568fc3 e-con-full e-flex e-con e-child\" data-id=\"9568fc3\" data-element_type=\"container\" data-e-type=\"container\">\n\t\t\t\t<div class=\"elementor-element elementor-element-cd754d6 elementor-widget elementor-widget-heading\" data-id=\"cd754d6\" data-element_type=\"widget\" data-e-type=\"widget\" data-widget_type=\"heading.default\">\n\t\t\t\t<div class=\"elementor-widget-container\">\n\t\t\t\t\t<h2 class=\"elementor-heading-title elementor-size-default\">T<\/h2>\t\t\t\t<\/div>\n\t\t\t\t<\/div>\n\t\t\t\t<\/div>\n\t\t<div class=\"elementor-element elementor-element-a143e5f e-con-full e-flex e-con e-child\" data-id=\"a143e5f\" data-element_type=\"container\" data-e-type=\"container\">\n\t\t\t\t<div class=\"elementor-element elementor-element-5e375e6 elementor-widget elementor-widget-text-editor\" data-id=\"5e375e6\" data-element_type=\"widget\" data-e-type=\"widget\" data-widget_type=\"text-editor.default\">\n\t\t\t\t<div class=\"elementor-widget-container\">\n\t\t\t\t\t\t\t\t\t<p><strong><u><sup>T<\/sup><\/u><\/strong><sup>rabajar en la actualizaci\u00f3n y divulgaci\u00f3n del protocolo de manejo de crisis de nuestro Recinto para garantizar su accesibilidad y eficacia en toda la comunidad universitaria.<\/sup><\/p>\t\t\t\t\t\t\t\t<\/div>\n\t\t\t\t<\/div>\n\t\t\t\t<\/div>\n\t\t\t\t\t<\/div>\n\t\t\t\t<\/div>\n\t\t<div class=\"elementor-element elementor-element-9e98b16 e-flex e-con-boxed e-con e-parent\" data-id=\"9e98b16\" data-element_type=\"container\" data-e-type=\"container\">\n\t\t\t\t\t<div class=\"e-con-inner\">\n\t\t<div class=\"elementor-element elementor-element-5247058 e-con-full e-flex e-con e-child\" data-id=\"5247058\" data-element_type=\"container\" data-e-type=\"container\">\n\t\t\t\t<div class=\"elementor-element elementor-element-af9830c elementor-widget elementor-widget-heading\" data-id=\"af9830c\" data-element_type=\"widget\" data-e-type=\"widget\" data-widget_type=\"heading.default\">\n\t\t\t\t<div class=\"elementor-widget-container\">\n\t\t\t\t\t<h2 class=\"elementor-heading-title elementor-size-default\">A<\/h2>\t\t\t\t<\/div>\n\t\t\t\t<\/div>\n\t\t\t\t<\/div>\n\t\t<div class=\"elementor-element elementor-element-9eaaa2c e-con-full e-flex e-con e-child\" data-id=\"9eaaa2c\" data-element_type=\"container\" data-e-type=\"container\">\n\t\t\t\t<div class=\"elementor-element elementor-element-1eb83a5 elementor-widget elementor-widget-text-editor\" data-id=\"1eb83a5\" data-element_type=\"widget\" data-e-type=\"widget\" data-widget_type=\"text-editor.default\">\n\t\t\t\t<div class=\"elementor-widget-container\">\n\t\t\t\t\t\t\t\t\t<p><strong><u><sup>A<\/sup><\/u><\/strong><sup>linear la implementaci\u00f3n del protocolo con servicios de salud mental integrados dentro y fuera del campus para una atenci\u00f3n coordinada.<\/sup><\/p>\t\t\t\t\t\t\t\t<\/div>\n\t\t\t\t<\/div>\n\t\t\t\t<\/div>\n\t\t\t\t\t<\/div>\n\t\t\t\t<\/div>\n\t\t<div class=\"elementor-element elementor-element-e041e8f e-flex e-con-boxed e-con e-parent\" data-id=\"e041e8f\" data-element_type=\"container\" data-e-type=\"container\">\n\t\t\t\t\t<div class=\"e-con-inner\">\n\t\t\t\t<div class=\"elementor-element elementor-element-73e30f7 elementor-widget elementor-widget-spacer\" data-id=\"73e30f7\" data-element_type=\"widget\" data-e-type=\"widget\" data-widget_type=\"spacer.default\">\n\t\t\t\t<div class=\"elementor-widget-container\">\n\t\t\t\t\t\t\t<div class=\"elementor-spacer\">\n\t\t\t<div class=\"elementor-spacer-inner\"><\/div>\n\t\t<\/div>\n\t\t\t\t\t\t<\/div>\n\t\t\t\t<\/div>\n\t\t\t\t\t<\/div>\n\t\t\t\t<\/div>\n\t\t\t\t<section class=\"elementor-section elementor-top-section elementor-element elementor-element-5c84d2c3 elementor-section-stretched elementor-section-boxed elementor-section-height-default elementor-section-height-default\" data-id=\"5c84d2c3\" data-element_type=\"section\" data-e-type=\"section\" data-settings=\"{&quot;stretch_section&quot;:&quot;section-stretched&quot;}\">\n\t\t\t\t\t\t<div class=\"elementor-container elementor-column-gap-no\">\n\t\t\t\t\t<div class=\"elementor-column elementor-col-100 elementor-top-column elementor-element elementor-element-13728f65\" data-id=\"13728f65\" data-element_type=\"column\" data-e-type=\"column\">\n\t\t\t<div class=\"elementor-widget-wrap elementor-element-populated\">\n\t\t\t\t\t\t<div class=\"elementor-element elementor-element-29fd13ac elementor-widget elementor-widget-spacer\" data-id=\"29fd13ac\" data-element_type=\"widget\" data-e-type=\"widget\" data-widget_type=\"spacer.default\">\n\t\t\t\t<div class=\"elementor-widget-container\">\n\t\t\t\t\t\t\t<div class=\"elementor-spacer\">\n\t\t\t<div class=\"elementor-spacer-inner\"><\/div>\n\t\t<\/div>\n\t\t\t\t\t\t<\/div>\n\t\t\t\t<\/div>\n\t\t\t\t<div class=\"elementor-element elementor-element-57769c56 elementor-widget thim-ekits-heading elementor-widget-thim-heading\" data-id=\"57769c56\" data-element_type=\"widget\" data-e-type=\"widget\" data-widget_type=\"thim-heading.default\">\n\t\t\t\t<div class=\"elementor-widget-container\">\n\t\t\t\t\t<div class=\"sc_heading text-center\"><h2 class=\"title\">Programa CONECTA<\/h2><div class=\"sub-heading\"><p>Integra m\u00faltiples estrategias efectivas<\/p>\n<\/div><\/div>\t\t\t\t<\/div>\n\t\t\t\t<\/div>\n\t\t\t\t<div class=\"elementor-element elementor-element-ac208b5 elementor-widget elementor-widget-thim-ekits-image-accordion\" data-id=\"ac208b5\" data-element_type=\"widget\" data-e-type=\"widget\" data-widget_type=\"thim-ekits-image-accordion.default\">\n\t\t\t\t<div class=\"elementor-widget-container\">\n\t\t\t\t\t\t\t<div class=\"thim-ekits-image-accordion\">\n\t\t\t\t\t\t\t\t<div class=\"thim-ekits-image-accordion__item overlay-active\" style=\"background-image: url(https:\/\/estudiantes.uprrp.edu\/conecta\/wp-content\/uploads\/sites\/6\/2025\/08\/DCODE-3-1.jpg)\">\n\t\t\t\t<div class=\"overlay\">\n\t\t\t\t\t<div class=\"overlay-inner\">\n\t\t\t\t\t<h3 class=\"title\">ESTRATEGIAS<\/h3><div class=\"desc\">Para fortalecer la salud mental<\/div>\t\t\t\t<\/div>\n\n\t\t\t<\/div>\n\t\t\t<\/div>\n\t\t\t\t\t\t\t\t<div class=\"thim-ekits-image-accordion__item\" style=\"background-image: url(https:\/\/estudiantes.uprrp.edu\/conecta\/wp-content\/uploads\/sites\/6\/2025\/08\/DCODE-8.jpg)\">\n\t\t\t\t<div class=\"overlay\">\n\t\t\t\t\t<div class=\"overlay-inner\">\n\t\t\t\t\t<h3 class=\"title\">COMPROMISO<\/h3><div class=\"desc\">Para prevenir el suicidio<\/div>\t\t\t\t<\/div>\n\n\t\t\t<\/div>\n\t\t\t<\/div>\n\t\t\t\t\t\t\t\t<div class=\"thim-ekits-image-accordion__item\" style=\"background-image: url(https:\/\/estudiantes.uprrp.edu\/conecta\/wp-content\/uploads\/sites\/6\/2025\/08\/DCODE-4.jpg)\">\n\t\t\t\t<div class=\"overlay\">\n\t\t\t\t\t<div class=\"overlay-inner\">\n\t\t\t\t\t<h3 class=\"title\">DEDICACI\u00d3N<\/h3><div class=\"desc\">Para promover el bienestar de la comunidad universitaria<\/div>\t\t\t\t<\/div>\n\n\t\t\t<\/div>\n\t\t\t<\/div>\n\t\t\t\t<\/div>\n\t\t\t\t\t\t<\/div>\n\t\t\t\t<\/div>\n\t\t\t\t\t<\/div>\n\t\t<\/div>\n\t\t\t\t\t<\/div>\n\t\t<\/section>\n\t\t\t\t<\/div>\n\t\t","protected":false},"excerpt":{"rendered":"<p>\u00bfQu\u00e9 es CONECTA? El Programa CONECTA es una iniciativa del Departamento de Consejer\u00eda para el Desarrollo Estudiantil (DCODE) del Decanato de Estudiantes, dedicada a promover la salud mental y el bienestar integral de nuestra comunidad universitaria. Esta propuesta es posible &hellip; <\/p>\n","protected":false},"author":10,"featured_media":0,"parent":0,"menu_order":0,"comment_status":"closed","ping_status":"closed","template":"","meta":{"iawp_total_views":5,"footnotes":""},"class_list":["post-16373","page","type-page","status-publish","hentry"],"_links":{"self":[{"href":"https:\/\/estudiantes.uprrp.edu\/conecta\/wp-json\/wp\/v2\/pages\/16373","targetHints":{"allow":["GET"]}}],"collection":[{"href":"https:\/\/estudiantes.uprrp.edu\/conecta\/wp-json\/wp\/v2\/pages"}],"about":[{"href":"https:\/\/estudiantes.uprrp.edu\/conecta\/wp-json\/wp\/v2\/types\/page"}],"author":[{"embeddable":true,"href":"https:\/\/estudiantes.uprrp.edu\/conecta\/wp-json\/wp\/v2\/users\/10"}],"replies":[{"embeddable":true,"href":"https:\/\/estudiantes.uprrp.edu\/conecta\/wp-json\/wp\/v2\/comments?post=16373"}],"version-history":[{"count":24,"href":"https:\/\/estudiantes.uprrp.edu\/conecta\/wp-json\/wp\/v2\/pages\/16373\/revisions"}],"predecessor-version":[{"id":19012,"href":"https:\/\/estudiantes.uprrp.edu\/conecta\/wp-json\/wp\/v2\/pages\/16373\/revisions\/19012"}],"wp:attachment":[{"href":"https:\/\/estudiantes.uprrp.edu\/conecta\/wp-json\/wp\/v2\/media?parent=16373"}],"curies":[{"name":"wp","href":"https:\/\/api.w.org\/{rel}","templated":true}]}}