{"id":16369,"date":"2025-08-15T14:44:06","date_gmt":"2025-08-15T14:44:06","guid":{"rendered":"https:\/\/estudiantes.uprrp.edu\/conecta\/?page_id=16369"},"modified":"2025-08-27T14:56:00","modified_gmt":"2025-08-27T14:56:00","slug":"recursos-de-ayuda","status":"publish","type":"page","link":"https:\/\/estudiantes.uprrp.edu\/conecta\/recursos-de-ayuda\/","title":{"rendered":"Recursos de Ayuda"},"content":{"rendered":"\t\t<div data-elementor-type=\"wp-page\" data-elementor-id=\"16369\" class=\"elementor elementor-16369\">\n\t\t\t\t<div class=\"elementor-element elementor-element-6297d95 e-flex e-con-boxed e-con e-parent\" data-id=\"6297d95\" data-element_type=\"container\" data-e-type=\"container\">\n\t\t\t\t\t<div class=\"e-con-inner\">\n\t\t\t\t<div class=\"elementor-element elementor-element-9aced04 elementor-widget elementor-widget-heading\" data-id=\"9aced04\" data-element_type=\"widget\" data-e-type=\"widget\" data-widget_type=\"heading.default\">\n\t\t\t\t<div class=\"elementor-widget-container\">\n\t\t\t\t\t<h2 class=\"elementor-heading-title elementor-size-default\">Servicios de ayuda de salud mental (l\u00ednea de crisis)<\/h2>\t\t\t\t<\/div>\n\t\t\t\t<\/div>\n\t\t\t\t\t<\/div>\n\t\t\t\t<\/div>\n\t\t<div class=\"elementor-element elementor-element-eda1f93 e-flex e-con-boxed e-con e-parent\" data-id=\"eda1f93\" data-element_type=\"container\" data-e-type=\"container\">\n\t\t\t\t\t<div class=\"e-con-inner\">\n\t\t\t\t<div class=\"elementor-element elementor-element-683c8c0 elementor-widget elementor-widget-spacer\" data-id=\"683c8c0\" data-element_type=\"widget\" data-e-type=\"widget\" data-widget_type=\"spacer.default\">\n\t\t\t\t<div class=\"elementor-widget-container\">\n\t\t\t\t\t\t\t<div class=\"elementor-spacer\">\n\t\t\t<div class=\"elementor-spacer-inner\"><\/div>\n\t\t<\/div>\n\t\t\t\t\t\t<\/div>\n\t\t\t\t<\/div>\n\t\t\t\t\t<\/div>\n\t\t\t\t<\/div>\n\t\t<div class=\"elementor-element elementor-element-7e48dd7 e-flex e-con-boxed e-con e-parent\" data-id=\"7e48dd7\" data-element_type=\"container\" data-e-type=\"container\">\n\t\t\t\t\t<div class=\"e-con-inner\">\n\t\t<div class=\"elementor-element elementor-element-d2f127e e-con-full e-flex e-con e-child\" data-id=\"d2f127e\" data-element_type=\"container\" data-e-type=\"container\">\n\t\t\t\t<div class=\"elementor-element elementor-element-d937a94 elementor-widget elementor-widget-image\" data-id=\"d937a94\" data-element_type=\"widget\" data-e-type=\"widget\" data-widget_type=\"image.default\">\n\t\t\t\t<div class=\"elementor-widget-container\">\n\t\t\t\t\t\t\t\t\t\t\t\t\t\t\t\t<a href=\"https:\/\/lineapas.assmca.pr.gov\/home\" target=\"_blank\">\n\t\t\t\t\t\t\t<img fetchpriority=\"high\" decoding=\"async\" width=\"640\" height=\"800\" src=\"https:\/\/estudiantes.uprrp.edu\/conecta\/wp-content\/uploads\/sites\/6\/2025\/08\/Info-Linea-PAS-819x1024.jpg\" class=\"attachment-large size-large wp-image-18803\" alt=\"\" srcset=\"https:\/\/estudiantes.uprrp.edu\/conecta\/wp-content\/uploads\/sites\/6\/2025\/08\/Info-Linea-PAS-819x1024.jpg 819w, https:\/\/estudiantes.uprrp.edu\/conecta\/wp-content\/uploads\/sites\/6\/2025\/08\/Info-Linea-PAS-240x300.jpg 240w, https:\/\/estudiantes.uprrp.edu\/conecta\/wp-content\/uploads\/sites\/6\/2025\/08\/Info-Linea-PAS-768x960.jpg 768w, https:\/\/estudiantes.uprrp.edu\/conecta\/wp-content\/uploads\/sites\/6\/2025\/08\/Info-Linea-PAS-1228x1536.jpg 1228w, https:\/\/estudiantes.uprrp.edu\/conecta\/wp-content\/uploads\/sites\/6\/2025\/08\/Info-Linea-PAS.jpg 1349w\" sizes=\"(max-width: 640px) 100vw, 640px\" \/>\t\t\t\t\t\t\t\t<\/a>\n\t\t\t\t\t\t\t\t\t\t\t\t\t\t\t<\/div>\n\t\t\t\t<\/div>\n\t\t\t\t<\/div>\n\t\t<div class=\"elementor-element elementor-element-8f00d04 e-con-full e-flex e-con e-child\" data-id=\"8f00d04\" data-element_type=\"container\" data-e-type=\"container\">\n\t\t\t\t<div class=\"elementor-element elementor-element-3765d73 elementor-widget elementor-widget-heading\" data-id=\"3765d73\" data-element_type=\"widget\" data-e-type=\"widget\" data-widget_type=\"heading.default\">\n\t\t\t\t<div class=\"elementor-widget-container\">\n\t\t\t\t\t<h2 class=\"elementor-heading-title elementor-size-default\">L\u00ednea PAS<\/h2>\t\t\t\t<\/div>\n\t\t\t\t<\/div>\n\t\t\t\t<div class=\"elementor-element elementor-element-b96a3ef elementor-widget elementor-widget-text-editor\" data-id=\"b96a3ef\" data-element_type=\"widget\" data-e-type=\"widget\" data-widget_type=\"text-editor.default\">\n\t\t\t\t<div class=\"elementor-widget-container\">\n\t\t\t\t\t\t\t\t\t<p class=\"p2\">La <strong>L\u00ednea PAS<\/strong> es un servicio confidencial y gratuito disponible las <strong>24 horas del d\u00eda, los 7 d\u00edas de la semana<\/strong>, brindado por la Administraci\u00f3n de Servicios de Salud Mental y Contra la Adicci\u00f3n (ASSMCA) de Puerto Rico. Ofrece apoyo emocional, consejer\u00eda en crisis y coordinaci\u00f3n de servicios de salud mental.<span class=\"Apple-converted-space\">\u00a0<\/span><\/p><p class=\"p2\"><strong>Tel\u00e9fono: 1-800-981-0023 TTY: 1-888-672-7622<span class=\"Apple-converted-space\">\u00a0<\/span><\/strong><\/p><p class=\"p2\">Puedes acceder al <strong>chat<\/strong> a trav\u00e9s de su p\u00e1gina oficial: <a href=\"https:\/\/lineapas.assmca.pr.gov\/home\" target=\"_blank\" rel=\"noopener\"><span class=\"s1\">L\u00ednea PAS<span class=\"Apple-converted-space\">\u00a0<\/span><\/span><\/a><\/p>\t\t\t\t\t\t\t\t<\/div>\n\t\t\t\t<\/div>\n\t\t\t\t<\/div>\n\t\t\t\t\t<\/div>\n\t\t\t\t<\/div>\n\t\t<div class=\"elementor-element elementor-element-725f60f e-flex e-con-boxed e-con e-parent\" data-id=\"725f60f\" data-element_type=\"container\" data-e-type=\"container\">\n\t\t\t\t\t<div class=\"e-con-inner\">\n\t\t<div class=\"elementor-element elementor-element-1b26ef8 e-con-full e-flex e-con e-child\" data-id=\"1b26ef8\" data-element_type=\"container\" data-e-type=\"container\">\n\t\t\t\t<div class=\"elementor-element elementor-element-7435823 elementor-widget elementor-widget-image\" data-id=\"7435823\" data-element_type=\"widget\" data-e-type=\"widget\" data-widget_type=\"image.default\">\n\t\t\t\t<div class=\"elementor-widget-container\">\n\t\t\t\t\t\t\t\t\t\t\t\t\t\t\t\t<a href=\"https:\/\/988lifeline.org\/es\/inicio\/\" target=\"_blank\">\n\t\t\t\t\t\t\t<img decoding=\"async\" width=\"640\" height=\"640\" src=\"https:\/\/estudiantes.uprrp.edu\/conecta\/wp-content\/uploads\/sites\/6\/2025\/08\/988Lifeline-1024x1024.png\" class=\"attachment-large size-large wp-image-18804\" alt=\"\" srcset=\"https:\/\/estudiantes.uprrp.edu\/conecta\/wp-content\/uploads\/sites\/6\/2025\/08\/988Lifeline-1024x1024.png 1024w, https:\/\/estudiantes.uprrp.edu\/conecta\/wp-content\/uploads\/sites\/6\/2025\/08\/988Lifeline-300x300.png 300w, https:\/\/estudiantes.uprrp.edu\/conecta\/wp-content\/uploads\/sites\/6\/2025\/08\/988Lifeline-150x150.png 150w, https:\/\/estudiantes.uprrp.edu\/conecta\/wp-content\/uploads\/sites\/6\/2025\/08\/988Lifeline-768x768.png 768w, https:\/\/estudiantes.uprrp.edu\/conecta\/wp-content\/uploads\/sites\/6\/2025\/08\/988Lifeline.png 1080w\" sizes=\"(max-width: 640px) 100vw, 640px\" \/>\t\t\t\t\t\t\t\t<\/a>\n\t\t\t\t\t\t\t\t\t\t\t\t\t\t\t<\/div>\n\t\t\t\t<\/div>\n\t\t\t\t<\/div>\n\t\t<div class=\"elementor-element elementor-element-80dae3d e-con-full e-flex e-con e-child\" data-id=\"80dae3d\" data-element_type=\"container\" data-e-type=\"container\">\n\t\t\t\t<div class=\"elementor-element elementor-element-46b76b6 elementor-widget elementor-widget-heading\" data-id=\"46b76b6\" data-element_type=\"widget\" data-e-type=\"widget\" data-widget_type=\"heading.default\">\n\t\t\t\t<div class=\"elementor-widget-container\">\n\t\t\t\t\t<h2 class=\"elementor-heading-title elementor-size-default\">L\u00ednea de Vida 988<\/h2>\t\t\t\t<\/div>\n\t\t\t\t<\/div>\n\t\t\t\t<div class=\"elementor-element elementor-element-a43868c elementor-widget elementor-widget-text-editor\" data-id=\"a43868c\" data-element_type=\"widget\" data-e-type=\"widget\" data-widget_type=\"text-editor.default\">\n\t\t\t\t<div class=\"elementor-widget-container\">\n\t\t\t\t\t\t\t\t\t<p>La <strong>L\u00ednea de Vida &#8211; 988 <\/strong>es un servicio confidencial y gratuito de prevenci\u00f3n del suicidio y crisis disponible las <strong>24 horas del d\u00eda, los 7 d\u00edas de la semana<\/strong>. El servicio est\u00e1 disponible tambi\u00e9n en <strong>espa\u00f1ol<\/strong>.<\/p><p>Sitio web: <a href=\"https:\/\/988lifeline.org\/es\/inicio\/\" target=\"_blank\" rel=\"noopener\">https:\/\/988lifeline.org\/es\/inicio\/<\/a>\u00a0\u00a0<\/p><p>Chat: <a href=\"https:\/\/chat.988lifeline.org\/?lang=es\">https:\/\/chat.988lifeline.org\/?lang=es<\/a><\/p>\t\t\t\t\t\t\t\t<\/div>\n\t\t\t\t<\/div>\n\t\t\t\t<\/div>\n\t\t\t\t\t<\/div>\n\t\t\t\t<\/div>\n\t\t<div class=\"elementor-element elementor-element-673ced1 e-flex e-con-boxed e-con e-parent\" data-id=\"673ced1\" data-element_type=\"container\" data-e-type=\"container\">\n\t\t\t\t\t<div class=\"e-con-inner\">\n\t\t\t\t<div class=\"elementor-element elementor-element-9da53b1 elementor-widget elementor-widget-spacer\" data-id=\"9da53b1\" data-element_type=\"widget\" data-e-type=\"widget\" data-widget_type=\"spacer.default\">\n\t\t\t\t<div class=\"elementor-widget-container\">\n\t\t\t\t\t\t\t<div class=\"elementor-spacer\">\n\t\t\t<div class=\"elementor-spacer-inner\"><\/div>\n\t\t<\/div>\n\t\t\t\t\t\t<\/div>\n\t\t\t\t<\/div>\n\t\t\t\t\t<\/div>\n\t\t\t\t<\/div>\n\t\t<div class=\"elementor-element elementor-element-858a7a0 e-con-full e-flex e-con e-parent\" data-id=\"858a7a0\" data-element_type=\"container\" data-e-type=\"container\" data-settings=\"{&quot;background_background&quot;:&quot;classic&quot;}\">\n\t\t<div class=\"elementor-element elementor-element-1be499d e-con-full e-flex e-con e-child\" data-id=\"1be499d\" data-element_type=\"container\" data-e-type=\"container\">\n\t\t\t\t<div class=\"elementor-element elementor-element-d6be072 elementor-widget elementor-widget-heading\" data-id=\"d6be072\" data-element_type=\"widget\" data-e-type=\"widget\" data-widget_type=\"heading.default\">\n\t\t\t\t<div class=\"elementor-widget-container\">\n\t\t\t\t\t<h2 class=\"elementor-heading-title elementor-size-default\">Servicios para Estudiantes del Recinto<\/h2>\t\t\t\t<\/div>\n\t\t\t\t<\/div>\n\t\t\t\t<div class=\"elementor-element elementor-element-181dac0 elementor-widget elementor-widget-text-editor\" data-id=\"181dac0\" data-element_type=\"widget\" data-e-type=\"widget\" data-widget_type=\"text-editor.default\">\n\t\t\t\t<div class=\"elementor-widget-container\">\n\t\t\t\t\t\t\t\t\t<p style=\"text-align: center;\">Departamento de Consejer\u00eda y Desarrollo Estudiantil (DCODE)<\/p>\t\t\t\t\t\t\t\t<\/div>\n\t\t\t\t<\/div>\n\t\t\t\t<div class=\"elementor-element elementor-element-8b88470 elementor-widget elementor-widget-image\" data-id=\"8b88470\" data-element_type=\"widget\" data-e-type=\"widget\" data-widget_type=\"image.default\">\n\t\t\t\t<div class=\"elementor-widget-container\">\n\t\t\t\t\t\t\t\t\t\t\t\t\t\t\t\t<a href=\"https:\/\/estudiantes.uprrp.edu\/departamento-de-consejeria-para-el-desarrollo-estudiantil\/\" target=\"_blank\">\n\t\t\t\t\t\t\t<img decoding=\"async\" width=\"300\" height=\"174\" src=\"https:\/\/estudiantes.uprrp.edu\/conecta\/wp-content\/uploads\/sites\/6\/2025\/08\/logo-DCODE-300x174.png\" class=\"attachment-medium size-medium wp-image-18729\" alt=\"Logo de DCODE\" srcset=\"https:\/\/estudiantes.uprrp.edu\/conecta\/wp-content\/uploads\/sites\/6\/2025\/08\/logo-DCODE-300x174.png 300w, https:\/\/estudiantes.uprrp.edu\/conecta\/wp-content\/uploads\/sites\/6\/2025\/08\/logo-DCODE-1024x593.png 1024w, https:\/\/estudiantes.uprrp.edu\/conecta\/wp-content\/uploads\/sites\/6\/2025\/08\/logo-DCODE-768x445.png 768w, https:\/\/estudiantes.uprrp.edu\/conecta\/wp-content\/uploads\/sites\/6\/2025\/08\/logo-DCODE-1536x889.png 1536w, https:\/\/estudiantes.uprrp.edu\/conecta\/wp-content\/uploads\/sites\/6\/2025\/08\/logo-DCODE-2048x1186.png 2048w\" sizes=\"(max-width: 300px) 100vw, 300px\" \/>\t\t\t\t\t\t\t\t<\/a>\n\t\t\t\t\t\t\t\t\t\t\t\t\t\t\t<\/div>\n\t\t\t\t<\/div>\n\t\t\t\t<\/div>\n\t\t<div class=\"elementor-element elementor-element-0dac73b e-con-full e-flex e-con e-child\" data-id=\"0dac73b\" data-element_type=\"container\" data-e-type=\"container\" data-settings=\"{&quot;background_background&quot;:&quot;classic&quot;}\">\n\t\t\t\t<\/div>\n\t\t<div class=\"elementor-element elementor-element-04f9ff3 e-con-full e-flex e-con e-child\" data-id=\"04f9ff3\" data-element_type=\"container\" data-e-type=\"container\">\n\t\t\t\t<div class=\"elementor-element elementor-element-ed978b4 elementor-widget elementor-widget-heading\" data-id=\"ed978b4\" data-element_type=\"widget\" data-e-type=\"widget\" data-widget_type=\"heading.default\">\n\t\t\t\t<div class=\"elementor-widget-container\">\n\t\t\t\t\t<h2 class=\"elementor-heading-title elementor-size-default\">Servicios para Empleados del Recinto<\/h2>\t\t\t\t<\/div>\n\t\t\t\t<\/div>\n\t\t\t\t<div class=\"elementor-element elementor-element-6265205 elementor-widget elementor-widget-text-editor\" data-id=\"6265205\" data-element_type=\"widget\" data-e-type=\"widget\" data-widget_type=\"text-editor.default\">\n\t\t\t\t<div class=\"elementor-widget-container\">\n\t\t\t\t\t\t\t\t\t<p style=\"text-align: center;\">Programa de Ayuda al Empleados (PAE)<\/p>\t\t\t\t\t\t\t\t<\/div>\n\t\t\t\t<\/div>\n\t\t\t\t<div class=\"elementor-element elementor-element-06699a4 elementor-widget elementor-widget-image\" data-id=\"06699a4\" data-element_type=\"widget\" data-e-type=\"widget\" data-widget_type=\"image.default\">\n\t\t\t\t<div class=\"elementor-widget-container\">\n\t\t\t\t\t\t\t\t\t\t\t\t\t\t\t\t<a href=\"https:\/\/decadm.uprrp.edu\/pae\/\" target=\"_blank\">\n\t\t\t\t\t\t\t<img loading=\"lazy\" decoding=\"async\" width=\"300\" height=\"169\" src=\"https:\/\/estudiantes.uprrp.edu\/conecta\/wp-content\/uploads\/sites\/6\/2025\/08\/Logo_IUPI_Saludable_Web-300x169-1.png\" class=\"attachment-large size-large wp-image-18806\" alt=\"\" \/>\t\t\t\t\t\t\t\t<\/a>\n\t\t\t\t\t\t\t\t\t\t\t\t\t\t\t<\/div>\n\t\t\t\t<\/div>\n\t\t\t\t<\/div>\n\t\t\t\t<\/div>\n\t\t<div class=\"elementor-element elementor-element-7a46d98e e-flex e-con-boxed e-con e-parent\" data-id=\"7a46d98e\" data-element_type=\"container\" data-e-type=\"container\">\n\t\t\t\t\t<div class=\"e-con-inner\">\n\t\t\t\t<div class=\"elementor-element elementor-element-23647b3 elementor-widget elementor-widget-spacer\" data-id=\"23647b3\" data-element_type=\"widget\" data-e-type=\"widget\" data-widget_type=\"spacer.default\">\n\t\t\t\t<div class=\"elementor-widget-container\">\n\t\t\t\t\t\t\t<div class=\"elementor-spacer\">\n\t\t\t<div class=\"elementor-spacer-inner\"><\/div>\n\t\t<\/div>\n\t\t\t\t\t\t<\/div>\n\t\t\t\t<\/div>\n\t\t\t\t<div class=\"elementor-element elementor-element-b90ce55 elementor-widget-divider--separator-type-pattern elementor-widget-divider--view-line elementor-widget elementor-widget-divider\" data-id=\"b90ce55\" data-element_type=\"widget\" data-e-type=\"widget\" data-widget_type=\"divider.default\">\n\t\t\t\t<div class=\"elementor-widget-container\">\n\t\t\t\t\t\t\t<div class=\"elementor-divider\" style=\"--divider-pattern-url: url(&quot;data:image\/svg+xml,%3Csvg xmlns=&#039;http:\/\/www.w3.org\/2000\/svg&#039; preserveAspectRatio=&#039;none&#039; overflow=&#039;visible&#039; height=&#039;100%&#039; viewBox=&#039;0 0 20 16&#039; fill=&#039;none&#039; stroke=&#039;black&#039; stroke-width=&#039;1&#039; stroke-linecap=&#039;square&#039; stroke-miterlimit=&#039;10&#039;%3E%3Cg transform=&#039;translate(-12.000000, 0)&#039;%3E%3Cpath d=&#039;M28,0L10,18&#039;\/%3E%3Cpath d=&#039;M18,0L0,18&#039;\/%3E%3Cpath d=&#039;M48,0L30,18&#039;\/%3E%3Cpath d=&#039;M38,0L20,18&#039;\/%3E%3C\/g%3E%3C\/svg%3E&quot;);\">\n\t\t\t<span class=\"elementor-divider-separator\">\n\t\t\t\t\t\t<\/span>\n\t\t<\/div>\n\t\t\t\t\t\t<\/div>\n\t\t\t\t<\/div>\n\t\t\t\t<div class=\"elementor-element elementor-element-a6dac10 elementor-widget elementor-widget-heading\" data-id=\"a6dac10\" data-element_type=\"widget\" data-e-type=\"widget\" data-widget_type=\"heading.default\">\n\t\t\t\t<div class=\"elementor-widget-container\">\n\t\t\t\t\t<h2 class=\"elementor-heading-title elementor-size-default\">RECURSOS ADICIONALES<\/h2>\t\t\t\t<\/div>\n\t\t\t\t<\/div>\n\t\t\t\t<div class=\"elementor-element elementor-element-376ab90 e-n-tabs-mobile elementor-widget elementor-widget-n-tabs\" data-id=\"376ab90\" data-element_type=\"widget\" data-e-type=\"widget\" data-widget_type=\"nested-tabs.default\">\n\t\t\t\t<div class=\"elementor-widget-container\">\n\t\t\t\t\t\t\t<div class=\"e-n-tabs\" data-widget-number=\"58108816\" aria-label=\"Tabs. Open items with Enter or Space, close with Escape and navigate using the Arrow keys.\">\n\t\t\t<div class=\"e-n-tabs-heading\" role=\"tablist\">\n\t\t\t\t\t<button id=\"e-n-tab-title-581088161\" data-tab-title-id=\"e-n-tab-title-581088161\" class=\"e-n-tab-title\" aria-selected=\"true\" data-tab-index=\"1\" role=\"tab\" tabindex=\"0\" aria-controls=\"e-n-tab-content-581088161\" style=\"--n-tabs-title-order: 1;\">\n\t\t\t\t\t\t<span class=\"e-n-tab-title-text\">\n\t\t\t\tRecursos Informativos sobre el Suicidio, la Salud Mental y el Bienestar\t\t\t<\/span>\n\t\t<\/button>\n\t\t\t\t<button id=\"e-n-tab-title-581088162\" data-tab-title-id=\"e-n-tab-title-581088162\" class=\"e-n-tab-title\" aria-selected=\"false\" data-tab-index=\"2\" role=\"tab\" tabindex=\"-1\" aria-controls=\"e-n-tab-content-581088162\" style=\"--n-tabs-title-order: 2;\">\n\t\t\t\t\t\t<span class=\"e-n-tab-title-text\">\n\t\t\t\tDirectorio de Proveedores de Servicios de Salud Mental\t\t\t<\/span>\n\t\t<\/button>\n\t\t\t\t\t<\/div>\n\t\t\t<div class=\"e-n-tabs-content\">\n\t\t\t\t<div id=\"e-n-tab-content-581088161\" role=\"tabpanel\" aria-labelledby=\"e-n-tab-title-581088161\" data-tab-index=\"1\" style=\"--n-tabs-title-order: 1;\" class=\"e-active elementor-element elementor-element-97e49d9 e-con-full e-flex e-con e-child\" data-id=\"97e49d9\" data-element_type=\"container\" data-e-type=\"container\">\n\t\t\t\t<div class=\"elementor-element elementor-element-78d081e elementor-widget elementor-widget-text-editor\" data-id=\"78d081e\" data-element_type=\"widget\" data-e-type=\"widget\" data-widget_type=\"text-editor.default\">\n\t\t\t\t<div class=\"elementor-widget-container\">\n\t\t\t\t\t\t\t\t\t<ul><li><a href=\"https:\/\/www.salud.pr.gov\/CMS\/446\">Comisi\u00f3n para la Prevenci\u00f3n del Suicidio<\/a><\/li><li><a href=\"https:\/\/www.assmca.pr.gov\/\">Administraci\u00f3n de Servicios de Salud Mental y Contra la Adicci\u00f3n ASSMCA <\/a><a href=\"https:\/\/www.samhsa.gov\/\">SAMHSA &#8211; Substance Abuse and Mental Health Services Administration<\/a><\/li><li><a href=\"https:\/\/www.nimh.nih.gov\/get-involved\/digital-shareables\/espanol\/recursos-para-compartir-sobre-la-salud-mental-en-espanol\">Recursos digitales para compartir sobre la salud mental (en espa\u00f1ol) &#8211; National Institute of Mental Health (NIMH)<\/a><\/li><li><a href=\"https:\/\/sprc.org\/\">Suicide Prevention Resource Center<\/a><\/li><li><a href=\"https:\/\/jedfoundation.org\/\">The Jed Foundation<\/a><\/li><li><a href=\"https:\/\/activeminds.org\/\">Active Minds | Championing a New Era of Mental Health<\/a><\/li><li><a href=\"https:\/\/www.nami.org\/Get-Involved\/NAMI-on-Campus\/\">NAMI on Campus | National Alliance on Mental Illness (NAMI)<\/a><\/li><li><a href=\"https:\/\/www.selfinjury.bctr.cornell.edu\/?utm_source=chatgpt.com\">The Cornell Research Program on Self-Injury and Recovery<\/a><\/li><li><a href=\"https:\/\/www.autolesion.com\/\">Ayuda y estudio de la Autolesion \u2013 Sociedad Internacional de Autolesion<\/a><\/li><\/ul>\t\t\t\t\t\t\t\t<\/div>\n\t\t\t\t<\/div>\n\t\t\t\t<\/div>\n\t\t<div id=\"e-n-tab-content-581088162\" role=\"tabpanel\" aria-labelledby=\"e-n-tab-title-581088162\" data-tab-index=\"2\" style=\"--n-tabs-title-order: 2;\" class=\" elementor-element elementor-element-398df53 e-con-full e-flex e-con e-child\" data-id=\"398df53\" data-element_type=\"container\" data-e-type=\"container\">\n\t\t\t\t<div class=\"elementor-element elementor-element-d6524f5 elementor-widget elementor-widget-text-editor\" data-id=\"d6524f5\" data-element_type=\"widget\" data-e-type=\"widget\" data-widget_type=\"text-editor.default\">\n\t\t\t\t<div class=\"elementor-widget-container\">\n\t\t\t\t\t\t\t\t\t<p>Pr\u00f3ximamente se proveer\u00e1 el listado.<\/p>\t\t\t\t\t\t\t\t<\/div>\n\t\t\t\t<\/div>\n\t\t\t\t<\/div>\n\t\t\t\t\t<\/div>\n\t\t<\/div>\n\t\t\t\t\t\t<\/div>\n\t\t\t\t<\/div>\n\t\t\t\t\t<\/div>\n\t\t\t\t<\/div>\n\t\t\t\t<\/div>\n\t\t","protected":false},"excerpt":{"rendered":"<p>Servicios de ayuda de salud mental (l\u00ednea de crisis) L\u00ednea PAS La L\u00ednea PAS es un servicio confidencial y gratuito disponible las 24 horas del d\u00eda, los 7 d\u00edas de la semana, brindado por la Administraci\u00f3n de Servicios de Salud &hellip; <\/p>\n","protected":false},"author":10,"featured_media":0,"parent":0,"menu_order":0,"comment_status":"closed","ping_status":"closed","template":"","meta":{"iawp_total_views":37,"footnotes":""},"class_list":["post-16369","page","type-page","status-publish","hentry"],"_links":{"self":[{"href":"https:\/\/estudiantes.uprrp.edu\/conecta\/wp-json\/wp\/v2\/pages\/16369","targetHints":{"allow":["GET"]}}],"collection":[{"href":"https:\/\/estudiantes.uprrp.edu\/conecta\/wp-json\/wp\/v2\/pages"}],"about":[{"href":"https:\/\/estudiantes.uprrp.edu\/conecta\/wp-json\/wp\/v2\/types\/page"}],"author":[{"embeddable":true,"href":"https:\/\/estudiantes.uprrp.edu\/conecta\/wp-json\/wp\/v2\/users\/10"}],"replies":[{"embeddable":true,"href":"https:\/\/estudiantes.uprrp.edu\/conecta\/wp-json\/wp\/v2\/comments?post=16369"}],"version-history":[{"count":19,"href":"https:\/\/estudiantes.uprrp.edu\/conecta\/wp-json\/wp\/v2\/pages\/16369\/revisions"}],"predecessor-version":[{"id":18849,"href":"https:\/\/estudiantes.uprrp.edu\/conecta\/wp-json\/wp\/v2\/pages\/16369\/revisions\/18849"}],"wp:attachment":[{"href":"https:\/\/estudiantes.uprrp.edu\/conecta\/wp-json\/wp\/v2\/media?parent=16369"}],"curies":[{"name":"wp","href":"https:\/\/api.w.org\/{rel}","templated":true}]}}