{"id":16361,"date":"2025-08-15T14:42:05","date_gmt":"2025-08-15T14:42:05","guid":{"rendered":"https:\/\/estudiantes.uprrp.edu\/conecta\/?page_id=16361"},"modified":"2025-08-27T14:55:14","modified_gmt":"2025-08-27T14:55:14","slug":"equipo","status":"publish","type":"page","link":"https:\/\/estudiantes.uprrp.edu\/conecta\/equipo\/","title":{"rendered":"Equipo"},"content":{"rendered":"\t\t<div data-elementor-type=\"wp-page\" data-elementor-id=\"16361\" class=\"elementor elementor-16361\">\n\t\t\t\t<div class=\"elementor-element elementor-element-35af1a79 e-flex e-con-boxed e-con e-parent\" data-id=\"35af1a79\" data-element_type=\"container\" data-e-type=\"container\">\n\t\t\t\t\t<div class=\"e-con-inner\">\n\t\t\t\t<div class=\"elementor-element elementor-element-9cec2c2 elementor-widget elementor-widget-heading\" data-id=\"9cec2c2\" data-element_type=\"widget\" data-e-type=\"widget\" data-widget_type=\"heading.default\">\n\t\t\t\t<div class=\"elementor-widget-container\">\n\t\t\t\t\t<h2 class=\"elementor-heading-title elementor-size-default\">\u00bfQui\u00e9nes somos?<\/h2>\t\t\t\t<\/div>\n\t\t\t\t<\/div>\n\t\t\t\t<div class=\"elementor-element elementor-element-ec40f59 elementor-widget elementor-widget-spacer\" data-id=\"ec40f59\" data-element_type=\"widget\" data-e-type=\"widget\" data-widget_type=\"spacer.default\">\n\t\t\t\t<div class=\"elementor-widget-container\">\n\t\t\t\t\t\t\t<div class=\"elementor-spacer\">\n\t\t\t<div class=\"elementor-spacer-inner\"><\/div>\n\t\t<\/div>\n\t\t\t\t\t\t<\/div>\n\t\t\t\t<\/div>\n\t\t\t\t<div class=\"elementor-element elementor-element-2396074 elementor-widget elementor-widget-thim-our-team\" data-id=\"2396074\" data-element_type=\"widget\" data-e-type=\"widget\" data-widget_type=\"thim-our-team.default\">\n\t\t\t\t<div class=\"elementor-widget-container\">\n\t\t\t\t\t<div class=\"wrapper-lists-our-team\"><div class=\"row\"><div class=\"our-team-item col-sm-4\"><div class=\"our-team-image\"> <a class=\"link-img\" href=\"https:\/\/estudiantes.uprrp.edu\/conecta\/our_team\/maria-isabel-jimenez\/\"><\/a><img decoding=\"async\" src=\"https:\/\/estudiantes.uprrp.edu\/conecta\/wp-content\/uploads\/sites\/6\/2025\/08\/Maria-Jimenez-200x200.png\" alt=\"Maria Jimenez\" title=\"Maria Jimenez\"  width=\"200\" height=\"200\"><div class=\"social-team\"><\/div><\/div><div class=\"content-team\"><h4 class=\"title\"><a href=\"https:\/\/estudiantes.uprrp.edu\/conecta\/our_team\/maria-isabel-jimenez\/\">Mar\u00eda Isabel Jim\u00e9nez Chafey, PsyD<\/a><\/h4><div class = \"regency\">Directora del Proyecto<\/div><\/div><\/div><div class=\"our-team-item col-sm-4\"><div class=\"our-team-image\"> <a class=\"link-img\" href=\"https:\/\/estudiantes.uprrp.edu\/conecta\/our_team\/michelle-jurado-andino-phd\/\"><\/a><img decoding=\"async\" src=\"https:\/\/estudiantes.uprrp.edu\/conecta\/wp-content\/uploads\/sites\/6\/2025\/08\/Michelle-Jurado-200x200.png\" alt=\"Michelle Jurado\" title=\"Michelle Jurado\"  width=\"200\" height=\"200\"><div class=\"social-team\"><\/div><\/div><div class=\"content-team\"><h4 class=\"title\"><a href=\"https:\/\/estudiantes.uprrp.edu\/conecta\/our_team\/michelle-jurado-andino-phd\/\">Michelle Jurado Andino, PhD<\/a><\/h4><div class = \"regency\">Co-Directora del Proyecto<\/div><\/div><\/div><div class=\"our-team-item col-sm-4\"><div class=\"our-team-image\"> <a class=\"link-img\" href=\"https:\/\/estudiantes.uprrp.edu\/conecta\/our_team\/jose-serra-taylor\/\"><\/a><img decoding=\"async\" src=\"https:\/\/estudiantes.uprrp.edu\/conecta\/wp-content\/uploads\/sites\/6\/2025\/08\/Jose-Serra-200x200.png\" alt=\"Jose Serra Taylor\" title=\"Jose Serra\"  width=\"200\" height=\"200\"><div class=\"social-team\"><\/div><\/div><div class=\"content-team\"><h4 class=\"title\"><a href=\"https:\/\/estudiantes.uprrp.edu\/conecta\/our_team\/jose-serra-taylor\/\">Jos\u00e9 Serra Taylor, Ph.D.<\/a><\/h4><div class = \"regency\">Cient\u00edfico de Datos<\/div><\/div><\/div><div class=\"our-team-item col-sm-4\"><div class=\"our-team-image\"> <a class=\"link-img\" href=\"https:\/\/estudiantes.uprrp.edu\/conecta\/our_team\/vidalina-feliciano-lopez\/\"><\/a><img loading=\"lazy\" decoding=\"async\" src=\"https:\/\/estudiantes.uprrp.edu\/conecta\/wp-content\/uploads\/sites\/6\/2025\/08\/VIDALINAFELICIANOLOPEZ-200x200.jpg\" alt=\"VIDALINA+FELICIANO+LOPEZ\" title=\"VIDALINA+FELICIANO+LOPEZ\"  width=\"200\" height=\"200\"><div class=\"social-team\"><\/div><\/div><div class=\"content-team\"><h4 class=\"title\"><a href=\"https:\/\/estudiantes.uprrp.edu\/conecta\/our_team\/vidalina-feliciano-lopez\/\">Vidalina Feliciano L\u00f3pez, Ph.D.<\/a><\/h4><div class = \"regency\">Evaluadora del Programa<\/div><\/div><\/div><div class=\"our-team-item col-sm-4\"><div class=\"our-team-image\"> <a class=\"link-img\" href=\"https:\/\/estudiantes.uprrp.edu\/conecta\/our_team\/rosael-zeno-santi\/\"><\/a><img loading=\"lazy\" decoding=\"async\" src=\"https:\/\/estudiantes.uprrp.edu\/conecta\/wp-content\/uploads\/sites\/6\/2025\/08\/Rosael-200x200.jpg\" alt=\"Rosael\" title=\"Rosael\"  width=\"200\" height=\"200\"><div class=\"social-team\"><\/div><\/div><div class=\"content-team\"><h4 class=\"title\"><a href=\"https:\/\/estudiantes.uprrp.edu\/conecta\/our_team\/rosael-zeno-santi\/\">Rosael Zeno Santi, PsyD<\/a><\/h4><div class = \"regency\">Coordinadora de Comunidad y Alcance<\/div><\/div><\/div><div class=\"our-team-item col-sm-4\"><div class=\"our-team-image\"> <a class=\"link-img\" href=\"https:\/\/estudiantes.uprrp.edu\/conecta\/our_team\/solimar-perez-torres\/\"><\/a><img loading=\"lazy\" decoding=\"async\" src=\"https:\/\/estudiantes.uprrp.edu\/conecta\/wp-content\/uploads\/sites\/6\/2025\/08\/Solimar-Perez-200x200.png\" alt=\"Solimar-Perez\" title=\"Solimar-Perez\"  width=\"200\" height=\"200\"><div class=\"social-team\"><\/div><\/div><div class=\"content-team\"><h4 class=\"title\"><a href=\"https:\/\/estudiantes.uprrp.edu\/conecta\/our_team\/solimar-perez-torres\/\">Solimar P\u00e9rez Torres, Ed.D.<\/a><\/h4><div class = \"regency\">Consultora de Alcance<\/div><\/div><\/div><\/div><\/div>\t\t\t\t<\/div>\n\t\t\t\t<\/div>\n\t\t\t\t\t<\/div>\n\t\t\t\t<\/div>\n\t\t\t\t<\/div>\n\t\t","protected":false},"excerpt":{"rendered":"<p>\u00bfQui\u00e9nes somos? Mar\u00eda Isabel Jim\u00e9nez Chafey, PsyD Directora del Proyecto Michelle Jurado Andino, PhD Co-Directora del Proyecto Jos\u00e9 Serra Taylor, Ph.D. Cient\u00edfico de Datos Vidalina Feliciano L\u00f3pez, Ph.D. Evaluadora del Programa Rosael Zeno Santi, PsyD Coordinadora de Comunidad y Alcance &hellip; <\/p>\n","protected":false},"author":10,"featured_media":0,"parent":0,"menu_order":0,"comment_status":"closed","ping_status":"closed","template":"","meta":{"iawp_total_views":19,"footnotes":""},"class_list":["post-16361","page","type-page","status-publish","hentry"],"_links":{"self":[{"href":"https:\/\/estudiantes.uprrp.edu\/conecta\/wp-json\/wp\/v2\/pages\/16361","targetHints":{"allow":["GET"]}}],"collection":[{"href":"https:\/\/estudiantes.uprrp.edu\/conecta\/wp-json\/wp\/v2\/pages"}],"about":[{"href":"https:\/\/estudiantes.uprrp.edu\/conecta\/wp-json\/wp\/v2\/types\/page"}],"author":[{"embeddable":true,"href":"https:\/\/estudiantes.uprrp.edu\/conecta\/wp-json\/wp\/v2\/users\/10"}],"replies":[{"embeddable":true,"href":"https:\/\/estudiantes.uprrp.edu\/conecta\/wp-json\/wp\/v2\/comments?post=16361"}],"version-history":[{"count":13,"href":"https:\/\/estudiantes.uprrp.edu\/conecta\/wp-json\/wp\/v2\/pages\/16361\/revisions"}],"predecessor-version":[{"id":18846,"href":"https:\/\/estudiantes.uprrp.edu\/conecta\/wp-json\/wp\/v2\/pages\/16361\/revisions\/18846"}],"wp:attachment":[{"href":"https:\/\/estudiantes.uprrp.edu\/conecta\/wp-json\/wp\/v2\/media?parent=16361"}],"curies":[{"name":"wp","href":"https:\/\/api.w.org\/{rel}","templated":true}]}}